{"id":10,"date":"2025-03-26T17:36:39","date_gmt":"2025-03-26T17:36:39","guid":{"rendered":"https:\/\/www.semui.es\/?page_id=10"},"modified":"2025-09-18T19:06:17","modified_gmt":"2025-09-18T19:06:17","slug":"conocenos","status":"publish","type":"page","link":"https:\/\/www.semui.es\/en\/conocenos\/","title":{"rendered":"Get to know us"},"content":{"rendered":"<div data-elementor-type=\"wp-page\" data-elementor-id=\"10\" class=\"elementor elementor-10\" data-elementor-post-type=\"page\">\n\t\t\t\t<div class=\"elementor-element elementor-element-5906e3b e-flex e-con-boxed e-con e-parent\" data-id=\"5906e3b\" data-element_type=\"container\" data-settings=\"{&quot;background_background&quot;:&quot;classic&quot;}\">\n\t\t\t\t\t<div class=\"e-con-inner\">\n\t\t<div class=\"elementor-element elementor-element-5f0e5d1 e-con-full e-flex elementor-invisible e-con e-child\" data-id=\"5f0e5d1\" data-element_type=\"container\" data-settings=\"{&quot;animation&quot;:&quot;fadeIn&quot;}\">\n\t\t\t\t<div class=\"elementor-element elementor-element-3d96d87 elementor-widget elementor-widget-heading\" data-id=\"3d96d87\" data-element_type=\"widget\" data-widget_type=\"heading.default\">\n\t\t\t\t<div class=\"elementor-widget-container\">\n\t\t\t\t\t<h2 class=\"elementor-heading-title elementor-size-default translation-block\">Concept <span>sem\u00fci<\/span><\/h2>\t\t\t\t<\/div>\n\t\t\t\t<\/div>\n\t\t\t\t<div class=\"elementor-element elementor-element-cf8bc02 elementor-widget elementor-widget-text-editor\" data-id=\"cf8bc02\" data-element_type=\"widget\" data-widget_type=\"text-editor.default\">\n\t\t\t\t<div class=\"elementor-widget-container\">\n\t\t\t\t\t\t\t\t\t<p>Dentistry designed and intended for the benefit of our patients<\/p>\t\t\t\t\t\t\t\t<\/div>\n\t\t\t\t<\/div>\n\t\t\t\t<\/div>\n\t\t\t\t\t<\/div>\n\t\t\t\t<\/div>\n\t\t<div class=\"elementor-element elementor-element-3a8e58e e-flex e-con-boxed e-con e-parent\" data-id=\"3a8e58e\" data-element_type=\"container\" data-settings=\"{&quot;background_background&quot;:&quot;classic&quot;}\">\n\t\t\t\t\t<div class=\"e-con-inner\">\n\t\t\t\t<div class=\"elementor-element elementor-element-6477752 elementor-widget__width-initial elementor-widget-tablet__width-inherit elementor-widget elementor-widget-image\" data-id=\"6477752\" data-element_type=\"widget\" data-widget_type=\"image.default\">\n\t\t\t\t<div class=\"elementor-widget-container\">\n\t\t\t\t\t\t\t\t\t\t\t\t\t\t\t<img fetchpriority=\"high\" decoding=\"async\" width=\"903\" height=\"620\" src=\"https:\/\/www.semui.es\/wp-content\/uploads\/2025\/05\/forma-distinta-de-trabajar.webp\" class=\"attachment-full size-full wp-image-673\" alt=\"\" srcset=\"https:\/\/www.semui.es\/wp-content\/uploads\/2025\/05\/forma-distinta-de-trabajar.webp 903w, https:\/\/www.semui.es\/wp-content\/uploads\/2025\/05\/forma-distinta-de-trabajar-300x206.webp 300w, https:\/\/www.semui.es\/wp-content\/uploads\/2025\/05\/forma-distinta-de-trabajar-768x527.webp 768w\" sizes=\"(max-width: 903px) 100vw, 903px\" \/>\t\t\t\t\t\t\t\t\t\t\t\t\t\t\t<\/div>\n\t\t\t\t<\/div>\n\t\t<div class=\"elementor-element elementor-element-0373f5c e-con-full e-flex e-con e-child\" data-id=\"0373f5c\" data-element_type=\"container\">\n\t\t\t\t<div class=\"elementor-element elementor-element-dbfb31e elementor-widget elementor-widget-heading\" data-id=\"dbfb31e\" data-element_type=\"widget\" data-widget_type=\"heading.default\">\n\t\t\t\t<div class=\"elementor-widget-container\">\n\t\t\t\t\t<h2 class=\"elementor-heading-title elementor-size-default\">A different way of working<\/h2>\t\t\t\t<\/div>\n\t\t\t\t<\/div>\n\t\t\t\t<div class=\"elementor-element elementor-element-266713f elementor-widget elementor-widget-text-editor\" data-id=\"266713f\" data-element_type=\"widget\" data-widget_type=\"text-editor.default\">\n\t\t\t\t<div class=\"elementor-widget-container\">\n\t\t\t\t\t\t\t\t\t<p>At Sem\u00fci, we want to get to know our patients, their families, and be able to help them directly and individually maintain their oral and overall health.<\/p>\t\t\t\t\t\t\t\t<\/div>\n\t\t\t\t<\/div>\n\t\t\t\t<\/div>\n\t\t\t\t\t<\/div>\n\t\t\t\t<\/div>\n\t\t<div class=\"elementor-element elementor-element-2495688 e-flex e-con-boxed e-con e-parent\" data-id=\"2495688\" data-element_type=\"container\" data-settings=\"{&quot;background_background&quot;:&quot;classic&quot;}\">\n\t\t\t\t\t<div class=\"e-con-inner\">\n\t\t\t\t<div class=\"elementor-element elementor-element-50b6fe6 elementor-invisible elementor-widget elementor-widget-heading\" data-id=\"50b6fe6\" data-element_type=\"widget\" data-settings=\"{&quot;_animation&quot;:&quot;zoomIn&quot;}\" data-widget_type=\"heading.default\">\n\t\t\t\t<div class=\"elementor-widget-container\">\n\t\t\t\t\t<h2 class=\"elementor-heading-title elementor-size-default\">\"Our goal is to ensure the oral and general health of our patients, ensuring they have all the tools and resources they need to maintain their health. What we like most is seeing our patients come in for their biannual checkups without needing any treatment. That's a success for our disease prevention efforts.\"<\/h2>\t\t\t\t<\/div>\n\t\t\t\t<\/div>\n\t\t\t\t\t<\/div>\n\t\t\t\t<\/div>\n\t\t<div class=\"elementor-element elementor-element-693ac8e e-flex e-con-boxed e-con e-parent\" data-id=\"693ac8e\" data-element_type=\"container\" data-settings=\"{&quot;background_background&quot;:&quot;classic&quot;}\">\n\t\t\t\t\t<div class=\"e-con-inner\">\n\t\t<div class=\"elementor-element elementor-element-d2c0a5e e-grid e-con-full e-con e-child\" data-id=\"d2c0a5e\" data-element_type=\"container\">\n\t\t<div class=\"elementor-element elementor-element-f99ca82 e-con-full e-flex e-con e-child\" data-id=\"f99ca82\" data-element_type=\"container\" data-settings=\"{&quot;background_background&quot;:&quot;classic&quot;}\">\n\t\t\t\t<div class=\"elementor-element elementor-element-59d6f53 elementor-widget elementor-widget-image\" data-id=\"59d6f53\" data-element_type=\"widget\" data-widget_type=\"image.default\">\n\t\t\t\t<div class=\"elementor-widget-container\">\n\t\t\t\t\t\t\t\t\t\t\t\t\t\t\t<img decoding=\"async\" width=\"284\" height=\"284\" src=\"https:\/\/www.semui.es\/wp-content\/uploads\/2025\/03\/Mision.png\" class=\"attachment-full size-full wp-image-184\" alt=\"\" srcset=\"https:\/\/www.semui.es\/wp-content\/uploads\/2025\/03\/Mision.png 284w, https:\/\/www.semui.es\/wp-content\/uploads\/2025\/03\/Mision-150x150.png 150w\" sizes=\"(max-width: 284px) 100vw, 284px\" \/>\t\t\t\t\t\t\t\t\t\t\t\t\t\t\t<\/div>\n\t\t\t\t<\/div>\n\t\t\t\t<div class=\"elementor-element elementor-element-6e54df9 elementor-widget elementor-widget-heading\" data-id=\"6e54df9\" data-element_type=\"widget\" data-widget_type=\"heading.default\">\n\t\t\t\t<div class=\"elementor-widget-container\">\n\t\t\t\t\t<h3 class=\"elementor-heading-title elementor-size-default\">Mission<\/h3>\t\t\t\t<\/div>\n\t\t\t\t<\/div>\n\t\t\t\t<div class=\"elementor-element elementor-element-85f1963 elementor-widget elementor-widget-text-editor\" data-id=\"85f1963\" data-element_type=\"widget\" data-widget_type=\"text-editor.default\">\n\t\t\t\t<div class=\"elementor-widget-container\">\n\t\t\t\t\t\t\t\t\t<p>Promote the oral and general health of our patients and empower them to take responsibility for achieving it. We firmly believe in working together with medicine, as a good relationship provides enormous benefits to patients in many areas, such as sleep-related breathing disorders and heartburn.<\/p>\t\t\t\t\t\t\t\t<\/div>\n\t\t\t\t<\/div>\n\t\t\t\t<\/div>\n\t\t<div class=\"elementor-element elementor-element-987c466 e-con-full e-flex e-con e-child\" data-id=\"987c466\" data-element_type=\"container\" data-settings=\"{&quot;background_background&quot;:&quot;classic&quot;}\">\n\t\t\t\t<div class=\"elementor-element elementor-element-cba62c9 elementor-widget elementor-widget-image\" data-id=\"cba62c9\" data-element_type=\"widget\" data-widget_type=\"image.default\">\n\t\t\t\t<div class=\"elementor-widget-container\">\n\t\t\t\t\t\t\t\t\t\t\t\t\t\t\t<img decoding=\"async\" width=\"284\" height=\"284\" src=\"https:\/\/www.semui.es\/wp-content\/uploads\/2025\/03\/Vision.png\" class=\"attachment-full size-full wp-image-185\" alt=\"\" srcset=\"https:\/\/www.semui.es\/wp-content\/uploads\/2025\/03\/Vision.png 284w, https:\/\/www.semui.es\/wp-content\/uploads\/2025\/03\/Vision-150x150.png 150w\" sizes=\"(max-width: 284px) 100vw, 284px\" \/>\t\t\t\t\t\t\t\t\t\t\t\t\t\t\t<\/div>\n\t\t\t\t<\/div>\n\t\t\t\t<div class=\"elementor-element elementor-element-4dcc5c3 elementor-widget elementor-widget-heading\" data-id=\"4dcc5c3\" data-element_type=\"widget\" data-widget_type=\"heading.default\">\n\t\t\t\t<div class=\"elementor-widget-container\">\n\t\t\t\t\t<h3 class=\"elementor-heading-title elementor-size-default\">Vision<\/h3>\t\t\t\t<\/div>\n\t\t\t\t<\/div>\n\t\t\t\t<div class=\"elementor-element elementor-element-342de76 elementor-widget elementor-widget-text-editor\" data-id=\"342de76\" data-element_type=\"widget\" data-widget_type=\"text-editor.default\">\n\t\t\t\t<div class=\"elementor-widget-container\">\n\t\t\t\t\t\t\t\t\t<p>We want to be a leading center for comprehensive treatment. To be a team recognized by you, the patients, for its high quality of care, both personally and professionally.\u00a0<br \/><br \/>We want to contribute knowledge to society to improve people's quality of life and maintain their health.<\/p>\t\t\t\t\t\t\t\t<\/div>\n\t\t\t\t<\/div>\n\t\t\t\t<\/div>\n\t\t<div class=\"elementor-element elementor-element-bad9d49 e-con-full e-flex e-con e-child\" data-id=\"bad9d49\" data-element_type=\"container\" data-settings=\"{&quot;background_background&quot;:&quot;classic&quot;}\">\n\t\t\t\t<div class=\"elementor-element elementor-element-bec45c9 elementor-widget elementor-widget-image\" data-id=\"bec45c9\" data-element_type=\"widget\" data-widget_type=\"image.default\">\n\t\t\t\t<div class=\"elementor-widget-container\">\n\t\t\t\t\t\t\t\t\t\t\t\t\t\t\t<img loading=\"lazy\" decoding=\"async\" width=\"284\" height=\"284\" src=\"https:\/\/www.semui.es\/wp-content\/uploads\/2025\/03\/Valores.png\" class=\"attachment-full size-full wp-image-186\" alt=\"\" srcset=\"https:\/\/www.semui.es\/wp-content\/uploads\/2025\/03\/Valores.png 284w, https:\/\/www.semui.es\/wp-content\/uploads\/2025\/03\/Valores-150x150.png 150w\" sizes=\"(max-width: 284px) 100vw, 284px\" \/>\t\t\t\t\t\t\t\t\t\t\t\t\t\t\t<\/div>\n\t\t\t\t<\/div>\n\t\t\t\t<div class=\"elementor-element elementor-element-4bcd609 elementor-widget elementor-widget-heading\" data-id=\"4bcd609\" data-element_type=\"widget\" data-widget_type=\"heading.default\">\n\t\t\t\t<div class=\"elementor-widget-container\">\n\t\t\t\t\t<h3 class=\"elementor-heading-title elementor-size-default\">Values<\/h3>\t\t\t\t<\/div>\n\t\t\t\t<\/div>\n\t\t\t\t<div class=\"elementor-element elementor-element-f65d7c0 elementor-widget elementor-widget-text-editor\" data-id=\"f65d7c0\" data-element_type=\"widget\" data-widget_type=\"text-editor.default\">\n\t\t\t\t<div class=\"elementor-widget-container\">\n\t\t\t\t\t\t\t\t\t<p><strong>1. Excellence.<\/strong><br \/><br \/><strong>2. Scientific evidence.<\/strong><br \/><br \/><strong>3. Professional ethics:<\/strong> the patient comes first and foremost.\u00a0<br \/><br \/><strong>4. Teamwork.\u00a0<\/strong><br \/><br \/><strong>5. Continuing education.<\/strong><br \/><br \/><strong>6. Social responsibility:<\/strong> sem\u00fci is synonymous with solidarity, dedication and care for the environment.<\/p>\t\t\t\t\t\t\t\t<\/div>\n\t\t\t\t<\/div>\n\t\t\t\t<\/div>\n\t\t\t\t<\/div>\n\t\t\t\t\t<\/div>\n\t\t\t\t<\/div>\n\t\t\t\t<\/div>","protected":false},"excerpt":{"rendered":"<p>Concepto sem\u00fci Una odontolog\u00eda pensada y destinada al beneficio de nuestros pacientes Una forma distinta de trabajar En sem\u00fci queremos conocer a nuestros pacientes, conocer a sus familias y poder ayudarles de forma directa e individualizada a mantener su salud bucodental y salud en general. \u201cNuestro objetivo es conseguir la salud, bucodental y general, de [&hellip;]<\/p>","protected":false},"author":1,"featured_media":0,"parent":0,"menu_order":0,"comment_status":"closed","ping_status":"open","template":"","meta":{"_acf_changed":false,"footnotes":""},"class_list":["post-10","page","type-page","status-publish","hentry"],"acf":[],"_links":{"self":[{"href":"https:\/\/www.semui.es\/en\/wp-json\/wp\/v2\/pages\/10","targetHints":{"allow":["GET"]}}],"collection":[{"href":"https:\/\/www.semui.es\/en\/wp-json\/wp\/v2\/pages"}],"about":[{"href":"https:\/\/www.semui.es\/en\/wp-json\/wp\/v2\/types\/page"}],"author":[{"embeddable":true,"href":"https:\/\/www.semui.es\/en\/wp-json\/wp\/v2\/users\/1"}],"replies":[{"embeddable":true,"href":"https:\/\/www.semui.es\/en\/wp-json\/wp\/v2\/comments?post=10"}],"version-history":[{"count":19,"href":"https:\/\/www.semui.es\/en\/wp-json\/wp\/v2\/pages\/10\/revisions"}],"predecessor-version":[{"id":845,"href":"https:\/\/www.semui.es\/en\/wp-json\/wp\/v2\/pages\/10\/revisions\/845"}],"wp:attachment":[{"href":"https:\/\/www.semui.es\/en\/wp-json\/wp\/v2\/media?parent=10"}],"curies":[{"name":"wp","href":"https:\/\/api.w.org\/{rel}","templated":true}]}}