{"id":13,"date":"2025-03-26T17:36:46","date_gmt":"2025-03-26T17:36:46","guid":{"rendered":"https:\/\/www.semui.es\/?page_id=13"},"modified":"2025-09-18T19:10:04","modified_gmt":"2025-09-18T19:10:04","slug":"equipo","status":"publish","type":"page","link":"https:\/\/www.semui.es\/en\/equipo\/","title":{"rendered":"Equipment"},"content":{"rendered":"<div data-elementor-type=\"wp-page\" data-elementor-id=\"13\" class=\"elementor elementor-13\" data-elementor-post-type=\"page\">\n\t\t\t\t<div class=\"elementor-element elementor-element-31bc063 e-flex e-con-boxed e-con e-parent\" data-id=\"31bc063\" data-element_type=\"container\" data-settings=\"{&quot;background_background&quot;:&quot;classic&quot;}\">\n\t\t\t\t\t<div class=\"e-con-inner\">\n\t\t<div class=\"elementor-element elementor-element-3edad0f e-con-full e-flex elementor-invisible e-con e-child\" data-id=\"3edad0f\" data-element_type=\"container\" data-settings=\"{&quot;animation&quot;:&quot;fadeIn&quot;}\">\n\t\t\t\t<div class=\"elementor-element elementor-element-5d6bf0a elementor-widget elementor-widget-heading\" data-id=\"5d6bf0a\" data-element_type=\"widget\" data-widget_type=\"heading.default\">\n\t\t\t\t<div class=\"elementor-widget-container\">\n\t\t\t\t\t<h1 class=\"elementor-heading-title elementor-size-default\">Professional dentists<\/h1>\t\t\t\t<\/div>\n\t\t\t\t<\/div>\n\t\t\t\t<div class=\"elementor-element elementor-element-bcf0f3b elementor-widget elementor-widget-text-editor\" data-id=\"bcf0f3b\" data-element_type=\"widget\" data-widget_type=\"text-editor.default\">\n\t\t\t\t<div class=\"elementor-widget-container\">\n\t\t\t\t\t\t\t\t\t<p>At SEM\u00dcI we prioritize humane treatment and the quality of our treatments.<\/p>\t\t\t\t\t\t\t\t<\/div>\n\t\t\t\t<\/div>\n\t\t\t\t<\/div>\n\t\t\t\t\t<\/div>\n\t\t\t\t<\/div>\n\t\t<div class=\"elementor-element elementor-element-ea19cf0 e-flex e-con-boxed e-con e-parent\" data-id=\"ea19cf0\" data-element_type=\"container\" data-settings=\"{&quot;background_background&quot;:&quot;classic&quot;}\">\n\t\t\t\t\t<div class=\"e-con-inner\">\n\t\t\t\t<div class=\"elementor-element elementor-element-e78e685 elementor-widget__width-initial elementor-widget-tablet__width-inherit elementor-widget elementor-widget-text-editor\" data-id=\"e78e685\" data-element_type=\"widget\" data-widget_type=\"text-editor.default\">\n\t\t\t\t<div class=\"elementor-widget-container\">\n\t\t\t\t\t\t\t\t\t<p>In <strong>sem\u00fci<\/strong> we work as a team to ensure our patients are always cared for by the best professionals, with access to the best resources and the most humane treatment.<\/p><p>At sem\u00fci, the most important thing is the quality of care and patient comfort.<\/p>\t\t\t\t\t\t\t\t<\/div>\n\t\t\t\t<\/div>\n\t\t<div class=\"elementor-element elementor-element-b10bd57 e-con-full e-grid e-con e-child\" data-id=\"b10bd57\" data-element_type=\"container\">\n\t\t<div class=\"elementor-element elementor-element-2b99e98 e-con-full e-flex e-con e-child\" data-id=\"2b99e98\" data-element_type=\"container\">\n\t\t<div class=\"elementor-element elementor-element-e33d5c0 e-con-full e-flex e-con e-child\" data-id=\"e33d5c0\" data-element_type=\"container\" data-settings=\"{&quot;background_background&quot;:&quot;classic&quot;}\">\n\t\t<div class=\"elementor-element elementor-element-3e7f2fc e-con-full container-text e-flex e-con e-child\" data-id=\"3e7f2fc\" data-element_type=\"container\" data-settings=\"{&quot;background_background&quot;:&quot;classic&quot;}\">\n\t\t\t\t<div class=\"elementor-element elementor-element-31ab13a elementor-widget elementor-widget-text-editor\" data-id=\"31ab13a\" data-element_type=\"widget\" data-widget_type=\"text-editor.default\">\n\t\t\t\t<div class=\"elementor-widget-container\">\n\t\t\t\t\t\t\t\t\t<ul><li>Dentist, University of Barcelona.<\/li><li>Psychologist, Open University of Catalonia.<\/li><li>Expert in Dental Sleep Medicine, accredited by FESMES, Spain.<\/li><li>Professor, Master's Degree in Oral, Aesthetic and Functional Rehabilitation, Catholic University of Murcia.<\/li><li>Master's degree in high-complexity oral occlusion and rehabilitation, D.A.T.O. Clinic, Buenos Aires.<\/li><li>Master in Dental Aesthetics, D.A.T.O. Clinic, Buenos Aires.<\/li><li>Postgraduate in Implantology, D.A.T.O. Clinic, Buenos Aires.<\/li><\/ul>\t\t\t\t\t\t\t\t<\/div>\n\t\t\t\t<\/div>\n\t\t\t\t<\/div>\n\t\t\t\t<\/div>\n\t\t<div class=\"elementor-element elementor-element-efb0cbb e-con-full e-flex e-con e-child\" data-id=\"efb0cbb\" data-element_type=\"container\" data-settings=\"{&quot;background_background&quot;:&quot;classic&quot;}\">\n\t\t\t\t<div class=\"elementor-element elementor-element-56be8f0 elementor-widget elementor-widget-heading\" data-id=\"56be8f0\" data-element_type=\"widget\" data-widget_type=\"heading.default\">\n\t\t\t\t<div class=\"elementor-widget-container\">\n\t\t\t\t\t<h4 class=\"elementor-heading-title elementor-size-default\">Dra. Cristina Llanillo Arbus\u00e0<\/h4>\t\t\t\t<\/div>\n\t\t\t\t<\/div>\n\t\t\t\t<\/div>\n\t\t\t\t<\/div>\n\t\t<div class=\"elementor-element elementor-element-f2257ea e-con-full e-flex e-con e-child\" data-id=\"f2257ea\" data-element_type=\"container\">\n\t\t<div class=\"elementor-element elementor-element-eff692e e-con-full e-flex e-con e-child\" data-id=\"eff692e\" data-element_type=\"container\" data-settings=\"{&quot;background_background&quot;:&quot;classic&quot;}\">\n\t\t<div class=\"elementor-element elementor-element-ac30bd6 e-con-full container-text e-flex e-con e-child\" data-id=\"ac30bd6\" data-element_type=\"container\" data-settings=\"{&quot;background_background&quot;:&quot;classic&quot;}\">\n\t\t\t\t<div class=\"elementor-element elementor-element-3d6550f elementor-widget elementor-widget-text-editor\" data-id=\"3d6550f\" data-element_type=\"widget\" data-widget_type=\"text-editor.default\">\n\t\t\t\t<div class=\"elementor-widget-container\">\n\t\t\t\t\t\t\t\t\t<ul><li>Dentist, University of Barcelona.<\/li><li>Expert in Dental Sleep Medicine, accredited by FESMES, Spain.<\/li><li>Professor, Master's Degree in Oral, Aesthetic and Functional Rehabilitation, Catholic University of Murcia.<\/li><li>Associate Professor in the Degree of Dentistry, University of Barcelona.<br \/>Master in Periodontics, GC Formaci\u00f3n, Spain.<\/li><li>Master's degree in high-complexity oral occlusion and rehabilitation, D.A.T.O. Clinic, Buenos Aires.<\/li><li>Postgraduate in Implantology, D.A.T.O. Clinic, Buenos Aires.<\/li><li>Master in Dental Aesthetics, D.A.T.O. Clinic, Buenos Aires.<\/li><\/ul>\t\t\t\t\t\t\t\t<\/div>\n\t\t\t\t<\/div>\n\t\t\t\t<\/div>\n\t\t\t\t<\/div>\n\t\t<div class=\"elementor-element elementor-element-c39f80a e-con-full e-flex e-con e-child\" data-id=\"c39f80a\" data-element_type=\"container\" data-settings=\"{&quot;background_background&quot;:&quot;classic&quot;}\">\n\t\t\t\t<div class=\"elementor-element elementor-element-402b217 elementor-widget elementor-widget-heading\" data-id=\"402b217\" data-element_type=\"widget\" data-widget_type=\"heading.default\">\n\t\t\t\t<div class=\"elementor-widget-container\">\n\t\t\t\t\t<h4 class=\"elementor-heading-title elementor-size-default\">Dr. Fernando Vicente Gonz\u00e1lez<\/h4>\t\t\t\t<\/div>\n\t\t\t\t<\/div>\n\t\t\t\t<\/div>\n\t\t\t\t<\/div>\n\t\t<div class=\"elementor-element elementor-element-f3a8339 e-con-full e-flex e-con e-child\" data-id=\"f3a8339\" data-element_type=\"container\">\n\t\t<div class=\"elementor-element elementor-element-f2711ff e-con-full e-flex e-con e-child\" data-id=\"f2711ff\" data-element_type=\"container\" data-settings=\"{&quot;background_background&quot;:&quot;classic&quot;}\">\n\t\t<div class=\"elementor-element elementor-element-e56329c e-con-full container-text e-flex e-con e-child\" data-id=\"e56329c\" data-element_type=\"container\" data-settings=\"{&quot;background_background&quot;:&quot;classic&quot;}\">\n\t\t\t\t<div class=\"elementor-element elementor-element-db9c119 elementor-widget elementor-widget-text-editor\" data-id=\"db9c119\" data-element_type=\"widget\" data-widget_type=\"text-editor.default\">\n\t\t\t\t<div class=\"elementor-widget-container\">\n\t\t\t\t\t\t\t\t\t<ul><li>Dentist, University of Barcelona.<\/li><li>Postgraduate in Endodontics, University of Barcelona.<\/li><li>Postgraduate in Dental Aesthetics and Cosmetics SCOE, Barcelona.<\/li><li>Clinical Residency in Oral Implantology and Surgical Techniques Applied to the Oral Cavity, UIC, Barcelona.<\/li><li>Doctor of Medicine, University of Barcelona \u201cMedicine and Translational Research\u201d.<\/li><li>Collaborating Professor, Postgraduate in Endodontics, University of Barcelona.<\/li><li>Associate Professor of Integrated Dentistry, University of Barcelona.<\/li><li>Exclusive Private Practice in Microendodontics and Endodontic Microsurgery.<\/li><\/ul>\t\t\t\t\t\t\t\t<\/div>\n\t\t\t\t<\/div>\n\t\t\t\t<\/div>\n\t\t\t\t<\/div>\n\t\t<div class=\"elementor-element elementor-element-3a0c4a0 e-con-full e-flex e-con e-child\" data-id=\"3a0c4a0\" data-element_type=\"container\" data-settings=\"{&quot;background_background&quot;:&quot;classic&quot;}\">\n\t\t\t\t<div class=\"elementor-element elementor-element-a75e368 elementor-widget elementor-widget-heading\" data-id=\"a75e368\" data-element_type=\"widget\" data-widget_type=\"heading.default\">\n\t\t\t\t<div class=\"elementor-widget-container\">\n\t\t\t\t\t<h4 class=\"elementor-heading-title elementor-size-default\">Dra. Diana Sanz Serrano<\/h4>\t\t\t\t<\/div>\n\t\t\t\t<\/div>\n\t\t\t\t<\/div>\n\t\t\t\t<\/div>\n\t\t<div class=\"elementor-element elementor-element-fb2b359 e-con-full elementor-hidden-desktop elementor-hidden-tablet elementor-hidden-mobile e-flex e-con e-child\" data-id=\"fb2b359\" data-element_type=\"container\">\n\t\t<div class=\"elementor-element elementor-element-f20f508 e-con-full e-flex e-con e-child\" data-id=\"f20f508\" data-element_type=\"container\" data-settings=\"{&quot;background_background&quot;:&quot;classic&quot;}\">\n\t\t<div class=\"elementor-element elementor-element-cff0ed8 e-con-full container-text e-flex e-con e-child\" data-id=\"cff0ed8\" data-element_type=\"container\" data-settings=\"{&quot;background_background&quot;:&quot;classic&quot;}\">\n\t\t\t\t<div class=\"elementor-element elementor-element-406b6ef elementor-widget elementor-widget-text-editor\" data-id=\"406b6ef\" data-element_type=\"widget\" data-widget_type=\"text-editor.default\">\n\t\t\t\t<div class=\"elementor-widget-container\">\n\t\t\t\t\t\t\t\t\t<ul><li>Dentist, University of Rosario, Argentina.<\/li><li>Approval at the University of Barcelona.<\/li><li>Master's Degree in Clinical &amp; Digital Orthodontics, Pontifical University of Salamanca.<\/li><li>Invisalign Master, invisible orthodontics.<\/li><li>Master's Degree in Prosthetics and Oral Rehabilitation, Pontifical University of Salamanca.<\/li><li>Smilers Certified, invisible orthodontics.<\/li><li>Invisalign Provider with Platinum status.<\/li><li>Specialist in Orthodontics and Dentomaxillary Orthopedics, Athenea Dental Institute, Barcelona.<\/li><li>Diploma in Periodontics, SCOE, Barcelona.<\/li><li>Diploma in Aesthetics and Minimally Invasive Dentistry, SCOE, Barcelona.<\/li><li>Expert in Dental Sleep Medicine, accredited by FESMES, Spain<\/li><\/ul>\t\t\t\t\t\t\t\t<\/div>\n\t\t\t\t<\/div>\n\t\t\t\t<\/div>\n\t\t\t\t<\/div>\n\t\t<div class=\"elementor-element elementor-element-dd08c2a e-con-full e-flex e-con e-child\" data-id=\"dd08c2a\" data-element_type=\"container\" data-settings=\"{&quot;background_background&quot;:&quot;classic&quot;}\">\n\t\t\t\t<div class=\"elementor-element elementor-element-54e9079 elementor-widget elementor-widget-heading\" data-id=\"54e9079\" data-element_type=\"widget\" data-widget_type=\"heading.default\">\n\t\t\t\t<div class=\"elementor-widget-container\">\n\t\t\t\t\t<h4 class=\"elementor-heading-title elementor-size-default\">Dr. Gerardo S\u00e1enz Cuesta<\/h4>\t\t\t\t<\/div>\n\t\t\t\t<\/div>\n\t\t\t\t<\/div>\n\t\t\t\t<\/div>\n\t\t\t\t<\/div>\n\t\t<div class=\"elementor-element elementor-element-a62e965 e-con-full e-flex e-con e-child\" data-id=\"a62e965\" data-element_type=\"container\">\n\t\t<div class=\"elementor-element elementor-element-7d23c64 e-con-full elementor-hidden-laptop e-flex e-con e-child\" data-id=\"7d23c64\" data-element_type=\"container\">\n\t\t<div class=\"elementor-element elementor-element-e5c626a e-con-full e-flex e-con e-child\" data-id=\"e5c626a\" data-element_type=\"container\" data-settings=\"{&quot;background_background&quot;:&quot;classic&quot;}\">\n\t\t<div class=\"elementor-element elementor-element-487223a e-con-full container-text e-flex e-con e-child\" data-id=\"487223a\" data-element_type=\"container\" data-settings=\"{&quot;background_background&quot;:&quot;classic&quot;}\">\n\t\t\t\t<div class=\"elementor-element elementor-element-47a431d elementor-widget elementor-widget-text-editor\" data-id=\"47a431d\" data-element_type=\"widget\" data-widget_type=\"text-editor.default\">\n\t\t\t\t<div class=\"elementor-widget-container\">\n\t\t\t\t\t\t\t\t\t<ul><li>Dentist, University of Rosario, Argentina.<\/li><li>Approval at the University of Barcelona.<\/li><li>Master's Degree in Clinical &amp; Digital Orthodontics, Pontifical University of Salamanca.<\/li><li>Invisalign Master, invisible orthodontics.<\/li><li>Master's Degree in Prosthetics and Oral Rehabilitation, Pontifical University of Salamanca.<\/li><li>Smilers Certified, invisible orthodontics.<\/li><li>Invisalign Provider with Platinum status.<\/li><li>Specialist in Orthodontics and Dentomaxillary Orthopedics, Athenea Dental Institute, Barcelona.<\/li><li>Diploma in Periodontics, SCOE, Barcelona.<\/li><li>Diploma in Aesthetics and Minimally Invasive Dentistry, SCOE, Barcelona.<\/li><li>Expert in Dental Sleep Medicine, accredited by FESMES, Spain<\/li><\/ul>\t\t\t\t\t\t\t\t<\/div>\n\t\t\t\t<\/div>\n\t\t\t\t<\/div>\n\t\t\t\t<\/div>\n\t\t<div class=\"elementor-element elementor-element-a0271d5 e-con-full e-flex e-con e-child\" data-id=\"a0271d5\" data-element_type=\"container\" data-settings=\"{&quot;background_background&quot;:&quot;classic&quot;}\">\n\t\t\t\t<div class=\"elementor-element elementor-element-a966ce9 elementor-widget elementor-widget-heading\" data-id=\"a966ce9\" data-element_type=\"widget\" data-widget_type=\"heading.default\">\n\t\t\t\t<div class=\"elementor-widget-container\">\n\t\t\t\t\t<h4 class=\"elementor-heading-title elementor-size-default\">Dr. Gerardo S\u00e1enz Cuesta<\/h4>\t\t\t\t<\/div>\n\t\t\t\t<\/div>\n\t\t\t\t<\/div>\n\t\t\t\t<\/div>\n\t\t<div class=\"elementor-element elementor-element-ea66691 e-con-full e-flex e-con e-child\" data-id=\"ea66691\" data-element_type=\"container\">\n\t\t<div class=\"elementor-element elementor-element-4a68f6c e-con-full e-flex e-con e-child\" data-id=\"4a68f6c\" data-element_type=\"container\" data-settings=\"{&quot;background_background&quot;:&quot;classic&quot;}\">\n\t\t<div class=\"elementor-element elementor-element-bab7843 e-con-full container-text e-flex e-con e-child\" data-id=\"bab7843\" data-element_type=\"container\" data-settings=\"{&quot;background_background&quot;:&quot;classic&quot;}\">\n\t\t\t\t<div class=\"elementor-element elementor-element-d9ae3e5 elementor-widget elementor-widget-text-editor\" data-id=\"d9ae3e5\" data-element_type=\"widget\" data-widget_type=\"text-editor.default\">\n\t\t\t\t<div class=\"elementor-widget-container\">\n\t\t\t\t\t\t\t\t\t<ul><li>Dental hygienist.<\/li><li>Specialization course in periodontics.<\/li><li>Advanced course in periodontics.<\/li><li>Teeth whitening course.<\/li><\/ul>\t\t\t\t\t\t\t\t<\/div>\n\t\t\t\t<\/div>\n\t\t\t\t<\/div>\n\t\t\t\t<\/div>\n\t\t<div class=\"elementor-element elementor-element-42d1044 e-con-full e-flex e-con e-child\" data-id=\"42d1044\" data-element_type=\"container\" data-settings=\"{&quot;background_background&quot;:&quot;classic&quot;}\">\n\t\t\t\t<div class=\"elementor-element elementor-element-746983d elementor-widget elementor-widget-heading\" data-id=\"746983d\" data-element_type=\"widget\" data-widget_type=\"heading.default\">\n\t\t\t\t<div class=\"elementor-widget-container\">\n\t\t\t\t\t<h4 class=\"elementor-heading-title elementor-size-default\">Jessica Lucas Conde<\/h4>\t\t\t\t<\/div>\n\t\t\t\t<\/div>\n\t\t\t\t<\/div>\n\t\t\t\t<\/div>\n\t\t\t\t<\/div>\n\t\t\t\t\t<\/div>\n\t\t\t\t<\/div>\n\t\t\t\t<\/div>","protected":false},"excerpt":{"rendered":"<p>Odont\u00f3logos profesionales En SEM\u00dcI priorizamos el trato humano y la calidad de nuestros tratamientos En sem\u00fci trabajamos en equipo para que nuestros pacientes siempre est\u00e9n atendidos por los mejores profesionales, con acceso a los mejores medios y al trato m\u00e1s humano. En sem\u00fci lo m\u00e1s importante es la calidad asistencial y la comodidad del paciente. [&hellip;]<\/p>","protected":false},"author":1,"featured_media":0,"parent":0,"menu_order":0,"comment_status":"closed","ping_status":"open","template":"","meta":{"_acf_changed":false,"footnotes":""},"class_list":["post-13","page","type-page","status-publish","hentry"],"acf":[],"_links":{"self":[{"href":"https:\/\/www.semui.es\/en\/wp-json\/wp\/v2\/pages\/13","targetHints":{"allow":["GET"]}}],"collection":[{"href":"https:\/\/www.semui.es\/en\/wp-json\/wp\/v2\/pages"}],"about":[{"href":"https:\/\/www.semui.es\/en\/wp-json\/wp\/v2\/types\/page"}],"author":[{"embeddable":true,"href":"https:\/\/www.semui.es\/en\/wp-json\/wp\/v2\/users\/1"}],"replies":[{"embeddable":true,"href":"https:\/\/www.semui.es\/en\/wp-json\/wp\/v2\/comments?post=13"}],"version-history":[{"count":79,"href":"https:\/\/www.semui.es\/en\/wp-json\/wp\/v2\/pages\/13\/revisions"}],"predecessor-version":[{"id":857,"href":"https:\/\/www.semui.es\/en\/wp-json\/wp\/v2\/pages\/13\/revisions\/857"}],"wp:attachment":[{"href":"https:\/\/www.semui.es\/en\/wp-json\/wp\/v2\/media?parent=13"}],"curies":[{"name":"wp","href":"https:\/\/api.w.org\/{rel}","templated":true}]}}