{"id":17,"date":"2025-03-26T17:37:01","date_gmt":"2025-03-26T17:37:01","guid":{"rendered":"https:\/\/www.semui.es\/?page_id=17"},"modified":"2025-06-13T01:08:41","modified_gmt":"2025-06-13T01:08:41","slug":"dentoeducacion","status":"publish","type":"page","link":"https:\/\/www.semui.es\/en\/dentoeducacion\/","title":{"rendered":"Dentoeducation"},"content":{"rendered":"<div data-elementor-type=\"wp-page\" data-elementor-id=\"17\" class=\"elementor elementor-17\" data-elementor-post-type=\"page\">\n\t\t\t\t<div class=\"elementor-element elementor-element-3d9da3d e-flex e-con-boxed e-con e-parent\" data-id=\"3d9da3d\" data-element_type=\"container\" data-settings=\"{&quot;background_background&quot;:&quot;classic&quot;}\">\n\t\t\t\t\t<div class=\"e-con-inner\">\n\t\t<div class=\"elementor-element elementor-element-b684578 e-con-full e-flex elementor-invisible e-con e-child\" data-id=\"b684578\" data-element_type=\"container\" data-settings=\"{&quot;animation&quot;:&quot;fadeIn&quot;}\">\n\t\t\t\t<div class=\"elementor-element elementor-element-efb97ec elementor-widget elementor-widget-heading\" data-id=\"efb97ec\" data-element_type=\"widget\" data-widget_type=\"heading.default\">\n\t\t\t\t<div class=\"elementor-widget-container\">\n\t\t\t\t\t<h1 class=\"elementor-heading-title elementor-size-default\">Dentoeducation<\/h1>\t\t\t\t<\/div>\n\t\t\t\t<\/div>\n\t\t\t\t<\/div>\n\t\t\t\t\t<\/div>\n\t\t\t\t<\/div>\n\t\t<div class=\"elementor-element elementor-element-a11baf0 e-flex e-con-boxed e-con e-parent\" data-id=\"a11baf0\" data-element_type=\"container\" data-settings=\"{&quot;background_background&quot;:&quot;classic&quot;}\">\n\t\t\t\t\t<div class=\"e-con-inner\">\n\t\t<div class=\"elementor-element elementor-element-efd00d2 e-grid e-con-full e-con e-child\" data-id=\"efd00d2\" data-element_type=\"container\">\n\t\t<a class=\"elementor-element elementor-element-d685e33 e-con-full e-flex elementor-invisible e-con e-child\" data-id=\"d685e33\" data-element_type=\"container\" data-settings=\"{&quot;animation&quot;:&quot;zoomIn&quot;}\" href=\"https:\/\/www.semui.es\/sintomas-orofaciales-comunes\/\">\n\t\t<div class=\"elementor-element elementor-element-76dc7e9 e-con-full e-flex e-con e-child\" data-id=\"76dc7e9\" data-element_type=\"container\" data-settings=\"{&quot;background_background&quot;:&quot;classic&quot;}\">\n\t\t\t\t<div class=\"elementor-element elementor-element-770d24f elementor-widget__width-initial elementor-widget elementor-widget-heading\" data-id=\"770d24f\" data-element_type=\"widget\" data-widget_type=\"heading.default\">\n\t\t\t\t<div class=\"elementor-widget-container\">\n\t\t\t\t\t<span class=\"elementor-heading-title elementor-size-default\"><span style=\"font-weight: 600\">Common symptoms:<\/span> Find out what the most common problems are\u00a0<\/span>\t\t\t\t<\/div>\n\t\t\t\t<\/div>\n\t\t\t\t<div class=\"elementor-element elementor-element-c9a608e elementor-view-default elementor-widget elementor-widget-icon\" data-id=\"c9a608e\" data-element_type=\"widget\" data-widget_type=\"icon.default\">\n\t\t\t\t<div class=\"elementor-widget-container\">\n\t\t\t\t\t\t\t<div class=\"elementor-icon-wrapper\">\n\t\t\t<div class=\"elementor-icon\">\n\t\t\t<svg xmlns=\"http:\/\/www.w3.org\/2000\/svg\" width=\"21\" height=\"15\" viewbox=\"0 0 21 15\" fill=\"none\"><path d=\"M20.3574 8.41654C20.7559 8.03419 20.7691 7.40116 20.3867 7.00263L14.1559 0.508271C13.7735 0.109745 13.1405 0.0966354 12.742 0.47899C12.3434 0.861346 12.3303 1.49437 12.7127 1.8929L18.2512 7.66567L12.4784 13.2042C12.0799 13.5865 12.0668 14.2196 12.4491 14.6181C12.8315 15.0166 13.4645 15.0297 13.8631 14.6474L20.3574 8.41654ZM0.832031 7.30493L0.811327 8.30472L19.6444 8.69473L19.6651 7.69495L19.6858 6.69516L0.852736 6.30515L0.832031 7.30493Z\" fill=\"white\"><\/path><\/svg>\t\t\t<\/div>\n\t\t<\/div>\n\t\t\t\t\t\t<\/div>\n\t\t\t\t<\/div>\n\t\t\t\t<\/div>\n\t\t\t\t<div class=\"elementor-element elementor-element-763e681 elementor-widget__width-inherit elementor-widget elementor-widget-image\" data-id=\"763e681\" data-element_type=\"widget\" data-widget_type=\"image.default\">\n\t\t\t\t<div class=\"elementor-widget-container\">\n\t\t\t\t\t\t\t\t\t\t\t\t\t\t\t<img fetchpriority=\"high\" decoding=\"async\" width=\"610\" height=\"386\" src=\"https:\/\/www.semui.es\/wp-content\/uploads\/2025\/06\/Sintomas-comunes-dentoeducacion-min.png\" class=\"attachment-full size-full wp-image-761\" alt=\"Sintomas comunes dentoeducaci\u00f3n\" srcset=\"https:\/\/www.semui.es\/wp-content\/uploads\/2025\/06\/Sintomas-comunes-dentoeducacion-min.png 610w, https:\/\/www.semui.es\/wp-content\/uploads\/2025\/06\/Sintomas-comunes-dentoeducacion-min-300x190.png 300w\" sizes=\"(max-width: 610px) 100vw, 610px\" \/>\t\t\t\t\t\t\t\t\t\t\t\t\t\t\t<\/div>\n\t\t\t\t<\/div>\n\t\t\t\t<\/a>\n\t\t<a class=\"elementor-element elementor-element-51444d9 e-con-full e-flex elementor-invisible e-con e-child\" data-id=\"51444d9\" data-element_type=\"container\" data-settings=\"{&quot;animation&quot;:&quot;zoomIn&quot;}\" href=\"https:\/\/www.semui.es\/habitos-saludables\/\">\n\t\t<div class=\"elementor-element elementor-element-f6bace3 e-con-full e-flex e-con e-child\" data-id=\"f6bace3\" data-element_type=\"container\" data-settings=\"{&quot;background_background&quot;:&quot;classic&quot;}\">\n\t\t\t\t<div class=\"elementor-element elementor-element-512e93e elementor-widget__width-initial elementor-widget elementor-widget-heading\" data-id=\"512e93e\" data-element_type=\"widget\" data-widget_type=\"heading.default\">\n\t\t\t\t<div class=\"elementor-widget-container\">\n\t\t\t\t\t<span class=\"elementor-heading-title elementor-size-default\"><span style=\"font-weight: 600\">Healthy habits:<\/span> Learn how to take care of your general health and your teeth<\/span>\t\t\t\t<\/div>\n\t\t\t\t<\/div>\n\t\t\t\t<div class=\"elementor-element elementor-element-b9521c6 elementor-view-default elementor-widget elementor-widget-icon\" data-id=\"b9521c6\" data-element_type=\"widget\" data-widget_type=\"icon.default\">\n\t\t\t\t<div class=\"elementor-widget-container\">\n\t\t\t\t\t\t\t<div class=\"elementor-icon-wrapper\">\n\t\t\t<div class=\"elementor-icon\">\n\t\t\t<svg xmlns=\"http:\/\/www.w3.org\/2000\/svg\" width=\"21\" height=\"15\" viewbox=\"0 0 21 15\" fill=\"none\"><path d=\"M20.3574 8.41654C20.7559 8.03419 20.7691 7.40116 20.3867 7.00263L14.1559 0.508271C13.7735 0.109745 13.1405 0.0966354 12.742 0.47899C12.3434 0.861346 12.3303 1.49437 12.7127 1.8929L18.2512 7.66567L12.4784 13.2042C12.0799 13.5865 12.0668 14.2196 12.4491 14.6181C12.8315 15.0166 13.4645 15.0297 13.8631 14.6474L20.3574 8.41654ZM0.832031 7.30493L0.811327 8.30472L19.6444 8.69473L19.6651 7.69495L19.6858 6.69516L0.852736 6.30515L0.832031 7.30493Z\" fill=\"white\"><\/path><\/svg>\t\t\t<\/div>\n\t\t<\/div>\n\t\t\t\t\t\t<\/div>\n\t\t\t\t<\/div>\n\t\t\t\t<\/div>\n\t\t\t\t<div class=\"elementor-element elementor-element-da4cfe8 elementor-widget__width-inherit elementor-widget elementor-widget-image\" data-id=\"da4cfe8\" data-element_type=\"widget\" data-widget_type=\"image.default\">\n\t\t\t\t<div class=\"elementor-widget-container\">\n\t\t\t\t\t\t\t\t\t\t\t\t\t\t\t<img decoding=\"async\" width=\"611\" height=\"386\" src=\"https:\/\/www.semui.es\/wp-content\/uploads\/2025\/06\/Habitos-saludables-dentoeducacion-min.png\" class=\"attachment-full size-full wp-image-762\" alt=\"H\u00e1bitos saludables dentoeducaci\u00f3n\" srcset=\"https:\/\/www.semui.es\/wp-content\/uploads\/2025\/06\/Habitos-saludables-dentoeducacion-min.png 611w, https:\/\/www.semui.es\/wp-content\/uploads\/2025\/06\/Habitos-saludables-dentoeducacion-min-300x190.png 300w\" sizes=\"(max-width: 611px) 100vw, 611px\" \/>\t\t\t\t\t\t\t\t\t\t\t\t\t\t\t<\/div>\n\t\t\t\t<\/div>\n\t\t\t\t<\/a>\n\t\t<a class=\"elementor-element elementor-element-a6d7701 e-con-full e-flex elementor-invisible e-con e-child\" data-id=\"a6d7701\" data-element_type=\"container\" data-settings=\"{&quot;animation&quot;:&quot;zoomIn&quot;}\" href=\"https:\/\/www.semui.es\/bioseguridad\/\">\n\t\t<div class=\"elementor-element elementor-element-e33501b e-con-full e-flex e-con e-child\" data-id=\"e33501b\" data-element_type=\"container\" data-settings=\"{&quot;background_background&quot;:&quot;classic&quot;}\">\n\t\t\t\t<div class=\"elementor-element elementor-element-c854e51 elementor-widget__width-initial elementor-widget elementor-widget-heading\" data-id=\"c854e51\" data-element_type=\"widget\" data-widget_type=\"heading.default\">\n\t\t\t\t<div class=\"elementor-widget-container\">\n\t\t\t\t\t<span class=\"elementor-heading-title elementor-size-default\"><span style=\"font-weight: 600\">Biosecurity:<\/span> Learn about our disinfection and sterilization measures<\/span>\t\t\t\t<\/div>\n\t\t\t\t<\/div>\n\t\t\t\t<div class=\"elementor-element elementor-element-3daa082 elementor-view-default elementor-widget elementor-widget-icon\" data-id=\"3daa082\" data-element_type=\"widget\" data-widget_type=\"icon.default\">\n\t\t\t\t<div class=\"elementor-widget-container\">\n\t\t\t\t\t\t\t<div class=\"elementor-icon-wrapper\">\n\t\t\t<div class=\"elementor-icon\">\n\t\t\t<svg xmlns=\"http:\/\/www.w3.org\/2000\/svg\" width=\"21\" height=\"15\" viewbox=\"0 0 21 15\" fill=\"none\"><path d=\"M20.3574 8.41654C20.7559 8.03419 20.7691 7.40116 20.3867 7.00263L14.1559 0.508271C13.7735 0.109745 13.1405 0.0966354 12.742 0.47899C12.3434 0.861346 12.3303 1.49437 12.7127 1.8929L18.2512 7.66567L12.4784 13.2042C12.0799 13.5865 12.0668 14.2196 12.4491 14.6181C12.8315 15.0166 13.4645 15.0297 13.8631 14.6474L20.3574 8.41654ZM0.832031 7.30493L0.811327 8.30472L19.6444 8.69473L19.6651 7.69495L19.6858 6.69516L0.852736 6.30515L0.832031 7.30493Z\" fill=\"white\"><\/path><\/svg>\t\t\t<\/div>\n\t\t<\/div>\n\t\t\t\t\t\t<\/div>\n\t\t\t\t<\/div>\n\t\t\t\t<\/div>\n\t\t\t\t<div class=\"elementor-element elementor-element-f2f6280 elementor-widget__width-inherit elementor-widget elementor-widget-image\" data-id=\"f2f6280\" data-element_type=\"widget\" data-widget_type=\"image.default\">\n\t\t\t\t<div class=\"elementor-widget-container\">\n\t\t\t\t\t\t\t\t\t\t\t\t\t\t\t<img decoding=\"async\" width=\"611\" height=\"386\" src=\"https:\/\/www.semui.es\/wp-content\/uploads\/2025\/06\/bioseguridad-dentoeducacion-min.png\" class=\"attachment-full size-full wp-image-763\" alt=\"bioseguridad dentoeducaci\u00f3n\" srcset=\"https:\/\/www.semui.es\/wp-content\/uploads\/2025\/06\/bioseguridad-dentoeducacion-min.png 611w, https:\/\/www.semui.es\/wp-content\/uploads\/2025\/06\/bioseguridad-dentoeducacion-min-300x190.png 300w\" sizes=\"(max-width: 611px) 100vw, 611px\" \/>\t\t\t\t\t\t\t\t\t\t\t\t\t\t\t<\/div>\n\t\t\t\t<\/div>\n\t\t\t\t<\/a>\n\t\t\t\t<\/div>\n\t\t\t\t\t<\/div>\n\t\t\t\t<\/div>\n\t\t\t\t<\/div>","protected":false},"excerpt":{"rendered":"<p>Dentoeducaci\u00f3n S\u00edntomas comunes: Descubre cuales son los problemas m\u00e1s habituales\u00a0 H\u00e1bitos saludables: Aprende c\u00f3mo cuidar de tu salud general y de tus dientes Bioseguridad: Conoce nuestras medidas de desinfecci\u00f3n y esterilizaci\u00f3n<\/p>","protected":false},"author":1,"featured_media":0,"parent":0,"menu_order":0,"comment_status":"closed","ping_status":"open","template":"","meta":{"_acf_changed":false,"footnotes":""},"class_list":["post-17","page","type-page","status-publish","hentry"],"acf":[],"_links":{"self":[{"href":"https:\/\/www.semui.es\/en\/wp-json\/wp\/v2\/pages\/17","targetHints":{"allow":["GET"]}}],"collection":[{"href":"https:\/\/www.semui.es\/en\/wp-json\/wp\/v2\/pages"}],"about":[{"href":"https:\/\/www.semui.es\/en\/wp-json\/wp\/v2\/types\/page"}],"author":[{"embeddable":true,"href":"https:\/\/www.semui.es\/en\/wp-json\/wp\/v2\/users\/1"}],"replies":[{"embeddable":true,"href":"https:\/\/www.semui.es\/en\/wp-json\/wp\/v2\/comments?post=17"}],"version-history":[{"count":34,"href":"https:\/\/www.semui.es\/en\/wp-json\/wp\/v2\/pages\/17\/revisions"}],"predecessor-version":[{"id":803,"href":"https:\/\/www.semui.es\/en\/wp-json\/wp\/v2\/pages\/17\/revisions\/803"}],"wp:attachment":[{"href":"https:\/\/www.semui.es\/en\/wp-json\/wp\/v2\/media?parent=17"}],"curies":[{"name":"wp","href":"https:\/\/api.w.org\/{rel}","templated":true}]}}