{"id":19,"date":"2025-03-26T17:37:10","date_gmt":"2025-03-26T17:37:10","guid":{"rendered":"https:\/\/www.semui.es\/?page_id=19"},"modified":"2025-05-22T19:34:49","modified_gmt":"2025-05-22T19:34:49","slug":"financiacion","status":"publish","type":"page","link":"https:\/\/www.semui.es\/en\/financiacion\/","title":{"rendered":"Financing"},"content":{"rendered":"<div data-elementor-type=\"wp-page\" data-elementor-id=\"19\" class=\"elementor elementor-19\" data-elementor-post-type=\"page\">\n\t\t\t\t<div class=\"elementor-element elementor-element-40f8257 e-flex e-con-boxed e-con e-parent\" data-id=\"40f8257\" data-element_type=\"container\" data-settings=\"{&quot;background_background&quot;:&quot;classic&quot;}\">\n\t\t\t\t\t<div class=\"e-con-inner\">\n\t\t<div class=\"elementor-element elementor-element-27173c6 e-con-full e-flex elementor-invisible e-con e-child\" data-id=\"27173c6\" data-element_type=\"container\" data-settings=\"{&quot;animation&quot;:&quot;fadeIn&quot;}\">\n\t\t\t\t<div class=\"elementor-element elementor-element-0f0c9cd elementor-widget elementor-widget-heading\" data-id=\"0f0c9cd\" data-element_type=\"widget\" data-widget_type=\"heading.default\">\n\t\t\t\t<div class=\"elementor-widget-container\">\n\t\t\t\t\t<h1 class=\"elementor-heading-title elementor-size-default\">Financing<\/h1>\t\t\t\t<\/div>\n\t\t\t\t<\/div>\n\t\t\t\t<div class=\"elementor-element elementor-element-c682fdd elementor-widget elementor-widget-text-editor\" data-id=\"c682fdd\" data-element_type=\"widget\" data-widget_type=\"text-editor.default\">\n\t\t\t\t<div class=\"elementor-widget-container\">\n\t\t\t\t\t\t\t\t\t<p>At Sem\u00fci, your health is our priority. We offer affordable plans for your treatment.<\/p>\t\t\t\t\t\t\t\t<\/div>\n\t\t\t\t<\/div>\n\t\t\t\t<\/div>\n\t\t\t\t\t<\/div>\n\t\t\t\t<\/div>\n\t\t<div class=\"elementor-element elementor-element-41e2798 e-flex e-con-boxed e-con e-parent\" data-id=\"41e2798\" data-element_type=\"container\" data-settings=\"{&quot;background_background&quot;:&quot;classic&quot;}\">\n\t\t\t\t\t<div class=\"e-con-inner\">\n\t\t<div class=\"elementor-element elementor-element-0554b5a e-con-full e-flex e-con e-child\" data-id=\"0554b5a\" data-element_type=\"container\">\n\t\t\t\t<div class=\"elementor-element elementor-element-fe0101c elementor-widget__width-initial elementor-widget-tablet__width-inherit elementor-widget elementor-widget-text-editor\" data-id=\"fe0101c\" data-element_type=\"widget\" data-widget_type=\"text-editor.default\">\n\t\t\t\t<div class=\"elementor-widget-container\">\n\t\t\t\t\t\t\t\t\t<p>From the beginning, we'll explain the recommended treatment, where to start, and what treatments can wait until later. <br \/><br \/>During the first visit, we'll make an effort to understand your specific case and discuss several aspects that may require some kind of intervention in the short or medium term. <br \/><br \/>First, we want you to be informed. Then it's just a matter of what we do now and what we do next.<\/p>\t\t\t\t\t\t\t\t<\/div>\n\t\t\t\t<\/div>\n\t\t\t\t<div class=\"elementor-element elementor-element-528ad76 elementor-widget__width-initial elementor-widget-tablet__width-inherit elementor-widget elementor-widget-image\" data-id=\"528ad76\" data-element_type=\"widget\" data-widget_type=\"image.default\">\n\t\t\t\t<div class=\"elementor-widget-container\">\n\t\t\t\t\t\t\t\t\t\t\t\t\t\t\t<img fetchpriority=\"high\" decoding=\"async\" width=\"1062\" height=\"459\" src=\"https:\/\/www.semui.es\/wp-content\/uploads\/2025\/05\/imagen-financiacion.webp\" class=\"attachment-full size-full wp-image-721\" alt=\"\" srcset=\"https:\/\/www.semui.es\/wp-content\/uploads\/2025\/05\/imagen-financiacion.webp 1062w, https:\/\/www.semui.es\/wp-content\/uploads\/2025\/05\/imagen-financiacion-300x130.webp 300w, https:\/\/www.semui.es\/wp-content\/uploads\/2025\/05\/imagen-financiacion-1024x443.webp 1024w, https:\/\/www.semui.es\/wp-content\/uploads\/2025\/05\/imagen-financiacion-768x332.webp 768w\" sizes=\"(max-width: 1062px) 100vw, 1062px\" \/>\t\t\t\t\t\t\t\t\t\t\t\t\t\t\t<\/div>\n\t\t\t\t<\/div>\n\t\t\t\t<\/div>\n\t\t\t\t\t<\/div>\n\t\t\t\t<\/div>\n\t\t<div class=\"elementor-element elementor-element-cc3b916 e-flex e-con-boxed e-con e-parent\" data-id=\"cc3b916\" data-element_type=\"container\" data-settings=\"{&quot;background_background&quot;:&quot;classic&quot;}\">\n\t\t\t\t\t<div class=\"e-con-inner\">\n\t\t\t\t<div class=\"elementor-element elementor-element-2769a01 elementor-widget__width-initial elementor-widget-tablet__width-inherit elementor-invisible elementor-widget elementor-widget-heading\" data-id=\"2769a01\" data-element_type=\"widget\" data-settings=\"{&quot;_animation&quot;:&quot;fadeInLeft&quot;}\" data-widget_type=\"heading.default\">\n\t\t\t\t<div class=\"elementor-widget-container\">\n\t\t\t\t\t<h2 class=\"elementor-heading-title elementor-size-default\">At sem\u00fci we are not going to \u201cfind you something new\u201d every time you come.\u00a0\n<\/h2>\t\t\t\t<\/div>\n\t\t\t\t<\/div>\n\t\t<div class=\"elementor-element elementor-element-608864f e-con-full e-flex e-con e-child\" data-id=\"608864f\" data-element_type=\"container\" data-settings=\"{&quot;background_background&quot;:&quot;classic&quot;}\">\n\t\t<div class=\"elementor-element elementor-element-7438962 e-grid e-con-full e-con e-child\" data-id=\"7438962\" data-element_type=\"container\">\n\t\t\t\t<div class=\"elementor-element elementor-element-22845ea elementor-view-default elementor-position-block-start elementor-mobile-position-block-start elementor-widget elementor-widget-icon-box\" data-id=\"22845ea\" data-element_type=\"widget\" data-widget_type=\"icon-box.default\">\n\t\t\t\t<div class=\"elementor-widget-container\">\n\t\t\t\t\t\t\t<div class=\"elementor-icon-box-wrapper\">\n\n\t\t\t\t\t\t<div class=\"elementor-icon-box-icon\">\n\t\t\t\t<span  class=\"elementor-icon\">\n\t\t\t\t<svg xmlns=\"http:\/\/www.w3.org\/2000\/svg\" width=\"72\" height=\"71\" viewbox=\"0 0 72 71\" fill=\"none\"><rect width=\"71\" height=\"71\" transform=\"translate(0.5)\" fill=\"#EFEFEF\"><\/rect><path d=\"M37.0936 23.7422C38.552 22.694 40.2382 22.1699 42.1522 22.1699C43.246 22.1699 44.4081 22.4548 45.6385 23.0244C46.869 23.5941 47.8488 24.2663 48.578 25.041C50.0819 26.9095 50.7199 29.0856 50.4921 31.5693C50.2642 34.0531 49.4439 35.9785 48.0311 37.3457L36.9569 48.4199C36.6835 48.6934 36.3417 48.8301 35.9315 48.8301C35.5214 48.8301 35.1796 48.6934 34.9061 48.4199C34.6327 48.1465 34.496 47.8047 34.496 47.3945C34.496 46.9844 34.6327 46.6426 34.9061 46.3691L41.6053 39.6699C41.9699 39.3509 41.9699 39.0091 41.6053 38.6445C41.2408 38.2799 40.899 38.2799 40.5799 38.6445L33.8807 45.3438C33.6073 45.6172 33.2655 45.7539 32.8553 45.7539C32.4452 45.7539 32.1034 45.6172 31.8299 45.3438C31.5565 45.0703 31.4198 44.7285 31.4198 44.3184C31.4198 43.9082 31.5565 43.5664 31.8299 43.293L38.5292 36.5938C38.9393 36.2292 38.9621 35.8646 38.5975 35.5C38.2329 35.1354 37.8684 35.1354 37.5038 35.5L30.8046 42.2676C30.5311 42.541 30.1893 42.6777 29.7792 42.6777C29.369 42.6777 29.0158 42.541 28.7196 42.2676C28.4234 41.9941 28.2753 41.6523 28.2753 41.2422C28.2753 40.832 28.4348 40.4674 28.7538 40.1484L35.453 33.4492C35.8176 33.0846 35.8176 32.7428 35.453 32.4238C35.0884 32.1048 34.7466 32.1048 34.4276 32.4238L27.66 39.123C27.341 39.4421 26.9878 39.6016 26.6005 39.6016C26.2131 39.6016 25.8827 39.4535 25.6092 39.1572C25.3358 38.861 25.1991 38.5078 25.1991 38.0977C25.1991 37.6875 25.3358 37.3457 25.6092 37.0723C29.5741 33.1074 32.3312 30.373 33.8807 28.8691L39.076 33.9961C39.6685 34.543 40.3521 34.8164 41.1268 34.8164C42.1294 34.8164 42.927 34.4062 43.5194 33.5859C43.9296 32.9935 44.0777 32.3327 43.9637 31.6035C43.8498 30.8743 43.5422 30.2591 43.0409 29.7578L37.0936 23.7422ZM40.1014 32.9707L33.8807 26.75L23.5585 37.0723C22.328 35.8418 21.633 33.9391 21.4735 31.3643C21.314 28.7894 22.009 26.5677 23.5585 24.6992C25.2902 22.9674 27.3638 22.1016 29.7792 22.1016C32.1945 22.1016 34.2453 22.9674 35.9315 24.6992L42.1522 30.9199C42.4257 31.1934 42.5624 31.5352 42.5624 31.9453C42.5624 32.3555 42.4257 32.6973 42.1522 32.9707C41.8788 33.2441 41.537 33.3809 41.1268 33.3809C40.7167 33.3809 40.3749 33.2441 40.1014 32.9707Z\" fill=\"#202A2C\"><\/path><\/svg>\t\t\t\t<\/span>\n\t\t\t<\/div>\n\t\t\t\n\t\t\t\t\t\t<div class=\"elementor-icon-box-content\">\n\n\t\t\t\t\t\t\t\t\t<h3 class=\"elementor-icon-box-title\">\n\t\t\t\t\t\t<span  >\n\t\t\t\t\t\t\tHealth is not something to play with. Oral health is just as important as general health.\t\t\t\t\t\t<\/span>\n\t\t\t\t\t<\/h3>\n\t\t\t\t\n\t\t\t\t\n\t\t\t<\/div>\n\t\t\t\n\t\t<\/div>\n\t\t\t\t\t\t<\/div>\n\t\t\t\t<\/div>\n\t\t\t\t<div class=\"elementor-element elementor-element-58d0452 elementor-view-default elementor-position-block-start elementor-mobile-position-block-start elementor-widget elementor-widget-icon-box\" data-id=\"58d0452\" data-element_type=\"widget\" data-widget_type=\"icon-box.default\">\n\t\t\t\t<div class=\"elementor-widget-container\">\n\t\t\t\t\t\t\t<div class=\"elementor-icon-box-wrapper\">\n\n\t\t\t\t\t\t<div class=\"elementor-icon-box-icon\">\n\t\t\t\t<span  class=\"elementor-icon\">\n\t\t\t\t<svg xmlns=\"http:\/\/www.w3.org\/2000\/svg\" width=\"72\" height=\"71\" viewbox=\"0 0 72 71\" fill=\"none\"><rect width=\"71\" height=\"71\" transform=\"translate(0.5)\" fill=\"#EFEFEF\"><\/rect><path d=\"M49.1895 28.3789V25.4395H28.75V28.3789H49.1895ZM49.1895 40V32.7539H28.75V40H49.1895ZM49.1895 22.5C50.0098 22.5 50.7048 22.7848 51.2744 23.3545C51.8441 23.9242 52.1289 24.6191 52.1289 25.4395V40C52.1289 40.8203 51.8441 41.5153 51.2744 42.085C50.7048 42.6546 50.0098 42.9395 49.1895 42.9395H28.75C27.9753 42.9395 27.3031 42.6546 26.7334 42.085C26.1637 41.5153 25.8789 40.8203 25.8789 40V25.4395C25.8789 24.6191 26.1637 23.9242 26.7334 23.3545C27.3031 22.7848 27.9753 22.5 28.75 22.5H49.1895ZM22.9395 45.8789H44.8145V48.75H22.9395C22.1191 48.75 21.4242 48.4652 20.8545 47.8955C20.2848 47.3258 20 46.6536 20 45.8789V29.8145H22.9395V45.8789Z\" fill=\"#202A2C\"><\/path><\/svg>\t\t\t\t<\/span>\n\t\t\t<\/div>\n\t\t\t\n\t\t\t\t\t\t<div class=\"elementor-icon-box-content\">\n\n\t\t\t\t\t\t\t\t\t<h3 class=\"elementor-icon-box-title\">\n\t\t\t\t\t\t<span  >\n\t\t\t\t\t\t\tWe treat our patients as we would like to be treated. \t\t\t\t\t\t<\/span>\n\t\t\t\t\t<\/h3>\n\t\t\t\t\n\t\t\t\t\t\t\t\t\t<p class=\"elementor-icon-box-description\">\n\t\t\t\t\t\tWe are flexible and offer affordable plans for your treatment.\u00a0\t\t\t\t\t<\/p>\n\t\t\t\t\n\t\t\t<\/div>\n\t\t\t\n\t\t<\/div>\n\t\t\t\t\t\t<\/div>\n\t\t\t\t<\/div>\n\t\t\t\t<div class=\"elementor-element elementor-element-c43051d elementor-view-default elementor-position-block-start elementor-mobile-position-block-start elementor-widget elementor-widget-icon-box\" data-id=\"c43051d\" data-element_type=\"widget\" data-widget_type=\"icon-box.default\">\n\t\t\t\t<div class=\"elementor-widget-container\">\n\t\t\t\t\t\t\t<div class=\"elementor-icon-box-wrapper\">\n\n\t\t\t\t\t\t<div class=\"elementor-icon-box-icon\">\n\t\t\t\t<span  class=\"elementor-icon\">\n\t\t\t\t<svg xmlns=\"http:\/\/www.w3.org\/2000\/svg\" width=\"70\" height=\"70\" viewbox=\"0 0 70 70\" fill=\"none\"><rect width=\"70\" height=\"70\" fill=\"#EFEFEF\"><\/rect><path d=\"M44.6855 21.875H43.25V18.9355H40.3105V21.875H28.6895V18.9355H25.75V21.875H24.3145C23.4941 21.875 22.7992 22.1598 22.2295 22.7295C21.6598 23.2992 21.375 23.9941 21.375 24.8145V45.1855C21.375 46.0059 21.6598 46.7008 22.2295 47.2705C22.7992 47.8402 23.4941 48.125 24.3145 48.125H31.5605V45.1855H24.3145V29.1895H44.6855V30.625H47.625V24.8145C47.625 23.9941 47.3402 23.2992 46.7705 22.7295C46.2008 22.1598 45.5059 21.875 44.6855 21.875ZM48.6504 36.9824L47.2148 38.418L44.207 35.4785L45.6426 34.043C45.7793 33.9062 45.9616 33.8379 46.1895 33.8379C46.4173 33.8379 46.6224 33.9062 46.8047 34.043L48.6504 35.8887C48.7871 36.071 48.8555 36.2646 48.8555 36.4697C48.8555 36.6748 48.7871 36.8457 48.6504 36.9824ZM34.5 45.1172L43.3184 36.2988L46.3262 39.1699L37.5078 48.125H34.5V45.1172Z\" fill=\"#202A2C\"><\/path><\/svg>\t\t\t\t<\/span>\n\t\t\t<\/div>\n\t\t\t\n\t\t\t\t\t\t<div class=\"elementor-icon-box-content\">\n\n\t\t\t\t\t\t\t\t\t<h3 class=\"elementor-icon-box-title\">\n\t\t\t\t\t\t<span  >\n\t\t\t\t\t\t\tWe customize the financing plan to suit you.\t\t\t\t\t\t<\/span>\n\t\t\t\t\t<\/h3>\n\t\t\t\t\n\t\t\t\t\t\t\t\t\t<p class=\"elementor-icon-box-description\">\n\t\t\t\t\t\t\n\t\t\t\t\t<\/p>\n\t\t\t\t\n\t\t\t<\/div>\n\t\t\t\n\t\t<\/div>\n\t\t\t\t\t\t<\/div>\n\t\t\t\t<\/div>\n\t\t\t\t<div class=\"elementor-element elementor-element-d9a4419 elementor-view-default elementor-position-block-start elementor-mobile-position-block-start elementor-widget elementor-widget-icon-box\" data-id=\"d9a4419\" data-element_type=\"widget\" data-widget_type=\"icon-box.default\">\n\t\t\t\t<div class=\"elementor-widget-container\">\n\t\t\t\t\t\t\t<div class=\"elementor-icon-box-wrapper\">\n\n\t\t\t\t\t\t<div class=\"elementor-icon-box-icon\">\n\t\t\t\t<span  class=\"elementor-icon\">\n\t\t\t\t<svg xmlns=\"http:\/\/www.w3.org\/2000\/svg\" width=\"70\" height=\"70\" viewbox=\"0 0 70 70\" fill=\"none\"><rect width=\"70\" height=\"70\" fill=\"#EFEFEF\"><\/rect><path d=\"M34.5605 20C32.6465 20 30.7894 20.3646 28.9893 21.0938C27.1891 21.8229 25.6055 22.8711 24.2383 24.2383C22.8711 25.6055 21.8229 27.1891 21.0938 28.9893C20.3646 30.7894 20 32.6465 20 34.5605C20 36.4746 20.3646 38.3317 21.0938 40.1318C21.8229 41.932 22.8711 43.5156 24.2383 44.8828C25.6055 46.25 27.1891 47.2982 28.9893 48.0273C30.7894 48.7565 32.6465 49.1211 34.5605 49.1211C36.4746 49.1211 38.3317 48.7565 40.1318 48.0273C41.932 47.2982 43.5156 46.25 44.8828 44.8828C46.25 43.5156 47.2982 41.932 48.0273 40.1318C48.7565 38.3317 49.1211 36.4746 49.1211 34.5605C49.1211 32.6465 48.7565 30.7894 48.0273 28.9893C47.2982 27.1891 46.25 25.6055 44.8828 24.2383C43.5156 22.8711 41.932 21.8229 40.1318 21.0938C38.3317 20.3646 36.4746 20 34.5605 20ZM34.5605 22.8711C36.6569 22.8711 38.6051 23.3952 40.4053 24.4434C42.2054 25.4915 43.6296 26.9157 44.6777 28.7158C45.7259 30.516 46.25 32.4642 46.25 34.5605C46.25 36.6569 45.7259 38.6051 44.6777 40.4053C43.6296 42.2054 42.2054 43.6296 40.4053 44.6777C38.6051 45.7259 36.6569 46.25 34.5605 46.25C32.4642 46.25 30.516 45.7259 28.7158 44.6777C26.9157 43.6296 25.4915 42.2054 24.4434 40.4053C23.3952 38.6051 22.8711 36.6569 22.8711 34.5605C22.8711 32.4642 23.3952 30.516 24.4434 28.7158C25.4915 26.9157 26.9157 25.4915 28.7158 24.4434C30.516 23.3952 32.4642 22.8711 34.5605 22.8711ZM31.2793 28.4766C30.14 28.4766 29.1829 28.8639 28.4082 29.6387C27.6335 30.4134 27.2461 31.3477 27.2461 32.4414C27.2461 33.7174 27.8158 35.0391 28.9551 36.4062C29.6842 37.3177 31.1882 38.7988 33.4668 40.8496L34.5605 41.875L35.6543 40.8496C37.9329 38.7988 39.4368 37.3177 40.166 36.4062C41.3053 35.0391 41.875 33.7174 41.875 32.4414C41.875 31.3477 41.4876 30.4134 40.7129 29.6387C39.9382 28.8639 38.9811 28.4766 37.8418 28.4766C37.2038 28.4766 36.5999 28.6133 36.0303 28.8867C35.4606 29.1602 34.9707 29.5247 34.5605 29.9805C34.1504 29.5247 33.6605 29.1602 33.0908 28.8867C32.5212 28.6133 31.9173 28.4766 31.2793 28.4766Z\" fill=\"#202A2C\"><\/path><\/svg>\t\t\t\t<\/span>\n\t\t\t<\/div>\n\t\t\t\n\t\t\t\t\t\t<div class=\"elementor-icon-box-content\">\n\n\t\t\t\t\t\t\t\t\t<h3 class=\"elementor-icon-box-title\">\n\t\t\t\t\t\t<span  >\n\t\t\t\t\t\t\tWe do not work with mutual insurance companies and we do not inflate treatment prices.\t\t\t\t\t\t<\/span>\n\t\t\t\t\t<\/h3>\n\t\t\t\t\n\t\t\t\t\t\t\t\t\t<p class=\"elementor-icon-box-description\">\n\t\t\t\t\t\t\n\t\t\t\t\t<\/p>\n\t\t\t\t\n\t\t\t<\/div>\n\t\t\t\n\t\t<\/div>\n\t\t\t\t\t\t<\/div>\n\t\t\t\t<\/div>\n\t\t\t\t<\/div>\n\t\t\t\t<\/div>\n\t\t\t\t\t<\/div>\n\t\t\t\t<\/div>\n\t\t\t\t<\/div>","protected":false},"excerpt":{"rendered":"<p>Financiaci\u00f3n En sem\u00fci la prioridad es tu salud, ofrecemos planes econ\u00f3micos para tu tratamiento Desde el principio te explicaremos el tratamiento recomendado, por d\u00f3nde debemos empezar y qu\u00e9 tratamientos pueden esperar a hacerse m\u00e1s adelante. En la primera visita nos esforzamos en ver tu caso concreto y comentaremos varios aspectos que quiz\u00e1 en un corto [&hellip;]<\/p>","protected":false},"author":1,"featured_media":0,"parent":0,"menu_order":0,"comment_status":"closed","ping_status":"open","template":"","meta":{"_acf_changed":false,"footnotes":""},"class_list":["post-19","page","type-page","status-publish","hentry"],"acf":[],"_links":{"self":[{"href":"https:\/\/www.semui.es\/en\/wp-json\/wp\/v2\/pages\/19","targetHints":{"allow":["GET"]}}],"collection":[{"href":"https:\/\/www.semui.es\/en\/wp-json\/wp\/v2\/pages"}],"about":[{"href":"https:\/\/www.semui.es\/en\/wp-json\/wp\/v2\/types\/page"}],"author":[{"embeddable":true,"href":"https:\/\/www.semui.es\/en\/wp-json\/wp\/v2\/users\/1"}],"replies":[{"embeddable":true,"href":"https:\/\/www.semui.es\/en\/wp-json\/wp\/v2\/comments?post=19"}],"version-history":[{"count":25,"href":"https:\/\/www.semui.es\/en\/wp-json\/wp\/v2\/pages\/19\/revisions"}],"predecessor-version":[{"id":728,"href":"https:\/\/www.semui.es\/en\/wp-json\/wp\/v2\/pages\/19\/revisions\/728"}],"wp:attachment":[{"href":"https:\/\/www.semui.es\/en\/wp-json\/wp\/v2\/media?parent=19"}],"curies":[{"name":"wp","href":"https:\/\/api.w.org\/{rel}","templated":true}]}}