{"id":219,"date":"2025-03-27T23:57:42","date_gmt":"2025-03-27T23:57:42","guid":{"rendered":"https:\/\/www.semui.es\/?page_id=219"},"modified":"2025-05-22T19:19:32","modified_gmt":"2025-05-22T19:19:32","slug":"implantologia","status":"publish","type":"page","link":"https:\/\/www.semui.es\/en\/implantologia\/","title":{"rendered":"Implantology"},"content":{"rendered":"<div data-elementor-type=\"wp-page\" data-elementor-id=\"219\" class=\"elementor elementor-219\" data-elementor-post-type=\"page\">\n\t\t\t\t<div class=\"elementor-element elementor-element-0e5675c e-flex e-con-boxed e-con e-parent\" data-id=\"0e5675c\" data-element_type=\"container\" data-settings=\"{&quot;background_background&quot;:&quot;classic&quot;}\">\n\t\t\t\t\t<div class=\"e-con-inner\">\n\t\t<div class=\"elementor-element elementor-element-8783c40 e-con-full e-flex elementor-invisible e-con e-child\" data-id=\"8783c40\" data-element_type=\"container\" data-settings=\"{&quot;animation&quot;:&quot;fadeIn&quot;}\">\n\t\t\t\t<div class=\"elementor-element elementor-element-b819be6 elementor-widget elementor-widget-heading\" data-id=\"b819be6\" data-element_type=\"widget\" data-widget_type=\"heading.default\">\n\t\t\t\t<div class=\"elementor-widget-container\">\n\t\t\t\t\t<h1 class=\"elementor-heading-title elementor-size-default\">Implantology in Barcelona<\/h1>\t\t\t\t<\/div>\n\t\t\t\t<\/div>\n\t\t\t\t<div class=\"elementor-element elementor-element-33c7301 elementor-widget elementor-widget-text-editor\" data-id=\"33c7301\" data-element_type=\"widget\" data-widget_type=\"text-editor.default\">\n\t\t\t\t<div class=\"elementor-widget-container\">\n\t\t\t\t\t\t\t\t\t<p>Dental implants with virtually painless surgery and excellent results<\/p>\t\t\t\t\t\t\t\t<\/div>\n\t\t\t\t<\/div>\n\t\t\t\t<\/div>\n\t\t\t\t\t<\/div>\n\t\t\t\t<\/div>\n\t\t<div class=\"elementor-element elementor-element-e006aff e-flex e-con-boxed e-con e-parent\" data-id=\"e006aff\" data-element_type=\"container\" data-settings=\"{&quot;background_background&quot;:&quot;classic&quot;}\">\n\t\t\t\t\t<div class=\"e-con-inner\">\n\t\t<div class=\"elementor-element elementor-element-67e0b35 e-con-full e-flex e-con e-child\" data-id=\"67e0b35\" data-element_type=\"container\">\n\t\t\t\t<div class=\"elementor-element elementor-element-0c80f31 elementor-widget__width-initial elementor-widget-tablet__width-inherit elementor-pagination-position-outside elementor-widget elementor-widget-image-carousel\" data-id=\"0c80f31\" data-element_type=\"widget\" data-settings=\"{&quot;slides_to_show&quot;:&quot;1&quot;,&quot;navigation&quot;:&quot;dots&quot;,&quot;effect&quot;:&quot;fade&quot;,&quot;autoplay&quot;:&quot;yes&quot;,&quot;pause_on_hover&quot;:&quot;yes&quot;,&quot;pause_on_interaction&quot;:&quot;yes&quot;,&quot;autoplay_speed&quot;:5000,&quot;infinite&quot;:&quot;yes&quot;,&quot;speed&quot;:500}\" data-widget_type=\"image-carousel.default\">\n\t\t\t\t<div class=\"elementor-widget-container\">\n\t\t\t\t\t\t\t<div class=\"elementor-image-carousel-wrapper swiper\" role=\"region\" aria-roledescription=\"carousel\" aria-label=\"Carrusel de im\u00e1genes\" dir=\"ltr\">\n\t\t\t<div class=\"elementor-image-carousel swiper-wrapper swiper-image-stretch\" aria-live=\"off\">\n\t\t\t\t\t\t\t\t<div class=\"swiper-slide\" role=\"group\" aria-roledescription=\"slide\" aria-label=\"1 of 1\" data-no-translation-aria-label=\"\"><figure class=\"swiper-slide-inner\"><img decoding=\"async\" class=\"swiper-slide-image\" src=\"https:\/\/www.semui.es\/wp-content\/uploads\/2025\/05\/implantologia-imagen.webp\" alt=\"implantologia imagen\" \/><\/figure><\/div>\t\t\t<\/div>\n\t\t\t\t\t<\/div>\n\t\t\t\t\t\t<\/div>\n\t\t\t\t<\/div>\n\t\t\t\t<div class=\"elementor-element elementor-element-240d549 elementor-widget__width-initial elementor-widget-tablet__width-inherit elementor-widget elementor-widget-text-editor\" data-id=\"240d549\" data-element_type=\"widget\" data-widget_type=\"text-editor.default\">\n\t\t\t\t<div class=\"elementor-widget-container\">\n\t\t\t\t\t\t\t\t\t<p>Missing teeth can cause a variety of problems, including aesthetic impairment and unwanted movement or twisting of neighboring teeth (on the sides and above\/below).\u00a0<br \/><br \/>It's important to emphasize that the quality of the materials used in implantology is very important. Implant success rates vary greatly from brand to brand. At Sem\u00fci, we work with the highest quality implants and always plan their placement using a CBCT scan and computer guidance.<br \/><br \/>Replacing the missing tooth protects the bone, maintains the alignment of the teeth, and prevents the need for much more expensive treatments later on.<\/p>\t\t\t\t\t\t\t\t<\/div>\n\t\t\t\t<\/div>\n\t\t\t\t<\/div>\n\t\t\t\t\t<\/div>\n\t\t\t\t<\/div>\n\t\t<div class=\"elementor-element elementor-element-b9ec88f e-flex e-con-boxed e-con e-parent\" data-id=\"b9ec88f\" data-element_type=\"container\" data-settings=\"{&quot;background_background&quot;:&quot;classic&quot;}\">\n\t\t\t\t\t<div class=\"e-con-inner\">\n\t\t\t\t<div class=\"elementor-element elementor-element-b9585dc elementor-widget elementor-widget-heading\" data-id=\"b9585dc\" data-element_type=\"widget\" data-widget_type=\"heading.default\">\n\t\t\t\t<div class=\"elementor-widget-container\">\n\t\t\t\t\t<h2 class=\"elementor-heading-title elementor-size-default\">Frequently Asked Questions <\/h2>\t\t\t\t<\/div>\n\t\t\t\t<\/div>\n\t\t<div class=\"elementor-element elementor-element-70cc0ae e-con-full e-flex e-con e-child\" data-id=\"70cc0ae\" data-element_type=\"container\">\n\t\t\t\t<div class=\"elementor-element elementor-element-84ebcc9 elementor-widget elementor-widget-n-accordion\" data-id=\"84ebcc9\" data-element_type=\"widget\" data-settings=\"{&quot;default_state&quot;:&quot;expanded&quot;,&quot;max_items_expended&quot;:&quot;one&quot;,&quot;n_accordion_animation_duration&quot;:{&quot;unit&quot;:&quot;ms&quot;,&quot;size&quot;:400,&quot;sizes&quot;:[]}}\" data-widget_type=\"nested-accordion.default\">\n\t\t\t\t<div class=\"elementor-widget-container\">\n\t\t\t\t\t\t\t<div class=\"e-n-accordion\" aria-label=\"Accordion. Open links with Enter or Space, close with Escape, and navigate with Arrow Keys\">\n\t\t\t\t\t\t<details id=\"e-n-accordion-item-1390\" class=\"e-n-accordion-item\" open>\n\t\t\t\t<summary class=\"e-n-accordion-item-title\" data-accordion-index=\"1\" tabindex=\"0\" aria-expanded=\"true\" aria-controls=\"e-n-accordion-item-1390\" >\n\t\t\t\t\t<span class='e-n-accordion-item-title-header'><div class=\"e-n-accordion-item-title-text\"> What is a CBCT? <\/div><\/span>\n\t\t\t\t\t\t\t<span class='e-n-accordion-item-title-icon'>\n\t\t\t<span class='e-opened' ><svg aria-hidden=\"true\" class=\"e-font-icon-svg e-fas-chevron-up\" viewbox=\"0 0 448 512\" xmlns=\"http:\/\/www.w3.org\/2000\/svg\"><path d=\"M240.971 130.524l194.343 194.343c9.373 9.373 9.373 24.569 0 33.941l-22.667 22.667c-9.357 9.357-24.522 9.375-33.901.04L224 227.495 69.255 381.516c-9.379 9.335-24.544 9.317-33.901-.04l-22.667-22.667c-9.373-9.373-9.373-24.569 0-33.941L207.03 130.525c9.372-9.373 24.568-9.373 33.941-.001z\"><\/path><\/svg><\/span>\n\t\t\t<span class='e-closed'><svg aria-hidden=\"true\" class=\"e-font-icon-svg e-fas-chevron-down\" viewbox=\"0 0 448 512\" xmlns=\"http:\/\/www.w3.org\/2000\/svg\"><path d=\"M207.029 381.476L12.686 187.132c-9.373-9.373-9.373-24.569 0-33.941l22.667-22.667c9.357-9.357 24.522-9.375 33.901-.04L224 284.505l154.745-154.021c9.379-9.335 24.544-9.317 33.901.04l22.667 22.667c9.373 9.373 9.373 24.569 0 33.941L240.971 381.476c-9.373 9.372-24.569 9.372-33.942 0z\"><\/path><\/svg><\/span>\n\t\t<\/span>\n\n\t\t\t\t\t\t<\/summary>\n\t\t\t\t<div role=\"region\" aria-labelledby=\"e-n-accordion-item-1390\" class=\"elementor-element elementor-element-6058f72 e-con-full e-flex e-con e-child\" data-id=\"6058f72\" data-element_type=\"container\">\n\t\t\t\t<div class=\"elementor-element elementor-element-1a5e1ff elementor-widget elementor-widget-text-editor\" data-id=\"1a5e1ff\" data-element_type=\"widget\" data-widget_type=\"text-editor.default\">\n\t\t\t\t<div class=\"elementor-widget-container\">\n\t\t\t\t\t\t\t\t\t<p><span class=\"\">A radiological test that surpasses the CT scan in several aspects:<\/span><\/p><ul><li class=\"comment_message--commentUnorderedListItem--16BZF\"><span class=\"\">The radiation dose is much lower. To match the radiation received from a conventional CT scan, more than 70 CBCT scans are required.<\/span><\/li><li class=\"comment_message--commentUnorderedListItem--16BZF\"><span class=\"\">The test is performed with the patient standing or sitting, and does not cause claustrophobia.<\/span><\/li><li class=\"comment_message--commentUnorderedListItem--16BZF\"><span class=\"\">The test takes 2 minutes to complete, and the image can be viewed immediately.<\/span><\/li><li class=\"comment_message--commentUnorderedListItem--16BZF\"><span class=\"\">The image obtained is 3-dimensional and not distorted.<\/span><\/li><li class=\"comment_message--commentUnorderedListItem--16BZF\"><span class=\"\">The image allows for the superposition of other images, such as those of the patient's future teeth, allowing for completely precise implant planning.<\/span><\/li><\/ul>\t\t\t\t\t\t\t\t<\/div>\n\t\t\t\t<\/div>\n\t\t\t\t<\/div>\n\t\t\t\t\t<\/details>\n\t\t\t\t\t\t<details id=\"e-n-accordion-item-1391\" class=\"e-n-accordion-item\" >\n\t\t\t\t<summary class=\"e-n-accordion-item-title\" data-accordion-index=\"2\" tabindex=\"-1\" aria-expanded=\"false\" aria-controls=\"e-n-accordion-item-1391\" >\n\t\t\t\t\t<span class='e-n-accordion-item-title-header'><div class=\"e-n-accordion-item-title-text\"> What if I have several missing teeth? <\/div><\/span>\n\t\t\t\t\t\t\t<span class='e-n-accordion-item-title-icon'>\n\t\t\t<span class='e-opened' ><svg aria-hidden=\"true\" class=\"e-font-icon-svg e-fas-chevron-up\" viewbox=\"0 0 448 512\" xmlns=\"http:\/\/www.w3.org\/2000\/svg\"><path d=\"M240.971 130.524l194.343 194.343c9.373 9.373 9.373 24.569 0 33.941l-22.667 22.667c-9.357 9.357-24.522 9.375-33.901.04L224 227.495 69.255 381.516c-9.379 9.335-24.544 9.317-33.901-.04l-22.667-22.667c-9.373-9.373-9.373-24.569 0-33.941L207.03 130.525c9.372-9.373 24.568-9.373 33.941-.001z\"><\/path><\/svg><\/span>\n\t\t\t<span class='e-closed'><svg aria-hidden=\"true\" class=\"e-font-icon-svg e-fas-chevron-down\" viewbox=\"0 0 448 512\" xmlns=\"http:\/\/www.w3.org\/2000\/svg\"><path d=\"M207.029 381.476L12.686 187.132c-9.373-9.373-9.373-24.569 0-33.941l22.667-22.667c9.357-9.357 24.522-9.375 33.901-.04L224 284.505l154.745-154.021c9.379-9.335 24.544-9.317 33.901.04l22.667 22.667c9.373 9.373 9.373 24.569 0 33.941L240.971 381.476c-9.373 9.372-24.569 9.372-33.942 0z\"><\/path><\/svg><\/span>\n\t\t<\/span>\n\n\t\t\t\t\t\t<\/summary>\n\t\t\t\t<div role=\"region\" aria-labelledby=\"e-n-accordion-item-1391\" class=\"elementor-element elementor-element-c1a3ff7 e-con-full e-flex e-con e-child\" data-id=\"c1a3ff7\" data-element_type=\"container\">\n\t\t\t\t<div class=\"elementor-element elementor-element-5dbfdf0 elementor-widget elementor-widget-text-editor\" data-id=\"5dbfdf0\" data-element_type=\"widget\" data-widget_type=\"text-editor.default\">\n\t\t\t\t<div class=\"elementor-widget-container\">\n\t\t\t\t\t\t\t\t\t<p>Typically, the placement of multiple implants will be a two-stage process: initially, the implants are placed and a conventional removable prosthesis is worn, and after months of healing and osseointegration, the prosthesis anchored to the implants is placed.<\/p>\t\t\t\t\t\t\t\t<\/div>\n\t\t\t\t<\/div>\n\t\t\t\t<\/div>\n\t\t\t\t\t<\/details>\n\t\t\t\t\t<\/div>\n\t\t\t\t\t\t<\/div>\n\t\t\t\t<\/div>\n\t\t\t\t<div class=\"elementor-element elementor-element-e6fb073 elementor-widget elementor-widget-n-accordion\" data-id=\"e6fb073\" data-element_type=\"widget\" data-settings=\"{&quot;default_state&quot;:&quot;expanded&quot;,&quot;max_items_expended&quot;:&quot;one&quot;,&quot;n_accordion_animation_duration&quot;:{&quot;unit&quot;:&quot;ms&quot;,&quot;size&quot;:400,&quot;sizes&quot;:[]}}\" data-widget_type=\"nested-accordion.default\">\n\t\t\t\t<div class=\"elementor-widget-container\">\n\t\t\t\t\t\t\t<div class=\"e-n-accordion\" aria-label=\"Accordion. Open links with Enter or Space, close with Escape, and navigate with Arrow Keys\">\n\t\t\t\t\t\t<details id=\"e-n-accordion-item-2420\" class=\"e-n-accordion-item\" open>\n\t\t\t\t<summary class=\"e-n-accordion-item-title\" data-accordion-index=\"1\" tabindex=\"0\" aria-expanded=\"true\" aria-controls=\"e-n-accordion-item-2420\" >\n\t\t\t\t\t<span class='e-n-accordion-item-title-header'><div class=\"e-n-accordion-item-title-text\"> What do I do with the space when I'm missing a tooth? <\/div><\/span>\n\t\t\t\t\t\t\t<span class='e-n-accordion-item-title-icon'>\n\t\t\t<span class='e-opened' ><svg aria-hidden=\"true\" class=\"e-font-icon-svg e-fas-chevron-up\" viewbox=\"0 0 448 512\" xmlns=\"http:\/\/www.w3.org\/2000\/svg\"><path d=\"M240.971 130.524l194.343 194.343c9.373 9.373 9.373 24.569 0 33.941l-22.667 22.667c-9.357 9.357-24.522 9.375-33.901.04L224 227.495 69.255 381.516c-9.379 9.335-24.544 9.317-33.901-.04l-22.667-22.667c-9.373-9.373-9.373-24.569 0-33.941L207.03 130.525c9.372-9.373 24.568-9.373 33.941-.001z\"><\/path><\/svg><\/span>\n\t\t\t<span class='e-closed'><svg aria-hidden=\"true\" class=\"e-font-icon-svg e-fas-chevron-down\" viewbox=\"0 0 448 512\" xmlns=\"http:\/\/www.w3.org\/2000\/svg\"><path d=\"M207.029 381.476L12.686 187.132c-9.373-9.373-9.373-24.569 0-33.941l22.667-22.667c9.357-9.357 24.522-9.375 33.901-.04L224 284.505l154.745-154.021c9.379-9.335 24.544-9.317 33.901.04l22.667 22.667c9.373 9.373 9.373 24.569 0 33.941L240.971 381.476c-9.373 9.372-24.569 9.372-33.942 0z\"><\/path><\/svg><\/span>\n\t\t<\/span>\n\n\t\t\t\t\t\t<\/summary>\n\t\t\t\t<div role=\"region\" aria-labelledby=\"e-n-accordion-item-2420\" class=\"elementor-element elementor-element-2c38874 e-con-full e-flex e-con e-child\" data-id=\"2c38874\" data-element_type=\"container\">\n\t\t\t\t<div class=\"elementor-element elementor-element-f6da867 elementor-widget elementor-widget-text-editor\" data-id=\"f6da867\" data-element_type=\"widget\" data-widget_type=\"text-editor.default\">\n\t\t\t\t<div class=\"elementor-widget-container\">\n\t\t\t\t\t\t\t\t\t<p><span class=\"\">You can leave that space, but you should know that:<\/span><\/p><ul><li class=\"comment_message--commentUnorderedListItem--16BZF\"><span class=\"\">Depending on the area, it may be unattractive.<\/span><\/li><li class=\"comment_message--commentUnorderedListItem--16BZF\"><span class=\"\">It can affect your eating, speech, and confidence.<\/span><\/li><li class=\"comment_message--commentUnorderedListItem--16BZF\"><span class=\"\">The bone and gum in the gap will reduce in volume.<\/span><\/li><li class=\"comment_message--commentUnorderedListItem--16BZF\"><span class=\"\">Adjacent and upper\/lower teeth will move and make oral hygiene difficult.<\/span><\/li><\/ul><p><span class=\"\">If you decide to build a conventional bridge you should know<\/span><\/p><ul><li class=\"comment_message--commentUnorderedListItem--16BZF\"><span class=\"\">Healthy adjacent teeth must be ground down to support the bridge, compromising their long-term health.<\/span><\/li><li class=\"comment_message--commentUnorderedListItem--16BZF\"><span class=\"\">The bone that supports the gum underneath will shrink due to lack of use.<\/span><\/li><li class=\"comment_message--commentUnorderedListItem--16BZF\"><span class=\"\">The abutment teeth receive additional stress during chewing.<\/span><\/li><li class=\"comment_message--commentUnorderedListItem--16BZF\"><span class=\"\">It is an option of choice depending on the patient's health status.<\/span><\/li><\/ul><p><span class=\"\">Single crown on an implant<\/span><\/p><ul><li class=\"comment_message--commentUnorderedListItem--16BZF\"><span class=\"\">It looks and functions just like a natural tooth.<\/span><\/li><li class=\"comment_message--commentUnorderedListItem--16BZF\"><span class=\"\">It is not necessary to damage the adjacent healthy teeth.<\/span><\/li><li class=\"comment_message--commentUnorderedListItem--16BZF\"><span class=\"\">Continued implant use prevents resorption of the underlying bone, improving the condition of your jawbones for the future.<\/span><\/li><li class=\"comment_message--commentUnorderedListItem--16BZF\"><span class=\"\">Prevents adjacent teeth from moving.<\/span><\/li><li class=\"comment_message--commentUnorderedListItem--16BZF\"><span class=\"\">Long-term success is very high and predictable (98%) with proper maintenance: good oral hygiene at home, and regular check-ups at the clinic.<\/span><\/li><\/ul>\t\t\t\t\t\t\t\t<\/div>\n\t\t\t\t<\/div>\n\t\t\t\t<\/div>\n\t\t\t\t\t<\/details>\n\t\t\t\t\t\t<details id=\"e-n-accordion-item-2421\" class=\"e-n-accordion-item\" >\n\t\t\t\t<summary class=\"e-n-accordion-item-title\" data-accordion-index=\"2\" tabindex=\"-1\" aria-expanded=\"false\" aria-controls=\"e-n-accordion-item-2421\" >\n\t\t\t\t\t<span class='e-n-accordion-item-title-header'><div class=\"e-n-accordion-item-title-text\"> When might I need an implant? <\/div><\/span>\n\t\t\t\t\t\t\t<span class='e-n-accordion-item-title-icon'>\n\t\t\t<span class='e-opened' ><svg aria-hidden=\"true\" class=\"e-font-icon-svg e-fas-chevron-up\" viewbox=\"0 0 448 512\" xmlns=\"http:\/\/www.w3.org\/2000\/svg\"><path d=\"M240.971 130.524l194.343 194.343c9.373 9.373 9.373 24.569 0 33.941l-22.667 22.667c-9.357 9.357-24.522 9.375-33.901.04L224 227.495 69.255 381.516c-9.379 9.335-24.544 9.317-33.901-.04l-22.667-22.667c-9.373-9.373-9.373-24.569 0-33.941L207.03 130.525c9.372-9.373 24.568-9.373 33.941-.001z\"><\/path><\/svg><\/span>\n\t\t\t<span class='e-closed'><svg aria-hidden=\"true\" class=\"e-font-icon-svg e-fas-chevron-down\" viewbox=\"0 0 448 512\" xmlns=\"http:\/\/www.w3.org\/2000\/svg\"><path d=\"M207.029 381.476L12.686 187.132c-9.373-9.373-9.373-24.569 0-33.941l22.667-22.667c9.357-9.357 24.522-9.375 33.901-.04L224 284.505l154.745-154.021c9.379-9.335 24.544-9.317 33.901.04l22.667 22.667c9.373 9.373 9.373 24.569 0 33.941L240.971 381.476c-9.373 9.372-24.569 9.372-33.942 0z\"><\/path><\/svg><\/span>\n\t\t<\/span>\n\n\t\t\t\t\t\t<\/summary>\n\t\t\t\t<div role=\"region\" aria-labelledby=\"e-n-accordion-item-2421\" class=\"elementor-element elementor-element-d2164a1 e-con-full e-flex e-con e-child\" data-id=\"d2164a1\" data-element_type=\"container\">\n\t\t\t\t<div class=\"elementor-element elementor-element-7970dcb elementor-widget elementor-widget-text-editor\" data-id=\"7970dcb\" data-element_type=\"widget\" data-widget_type=\"text-editor.default\">\n\t\t\t\t<div class=\"elementor-widget-container\">\n\t\t\t\t\t\t\t\t\t<ul><li class=\"comment_message--commentUnorderedListItem--16BZF\"><span class=\"\">You are missing more than one tooth.<\/span><\/li><li class=\"comment_message--commentUnorderedListItem--16BZF\"><span class=\"\">You have ill-fitting dentures or a failing bridge.<\/span><\/li><li class=\"comment_message--commentUnorderedListItem--16BZF\"><span class=\"\">You are not able to chew properly and cannot eat what you want.<\/span><\/li><li class=\"comment_message--commentUnorderedListItem--16BZF\"><span class=\"\">You feel your teeth moving.<\/span><\/li><\/ul>\t\t\t\t\t\t\t\t<\/div>\n\t\t\t\t<\/div>\n\t\t\t\t<\/div>\n\t\t\t\t\t<\/details>\n\t\t\t\t\t<\/div>\n\t\t\t\t\t\t<\/div>\n\t\t\t\t<\/div>\n\t\t\t\t<\/div>\n\t\t\t\t\t<\/div>\n\t\t\t\t<\/div>\n\t\t\t\t<\/div>","protected":false},"excerpt":{"rendered":"<p>Implantolog\u00eda en Barcelona Implantes dentales con una cirug\u00eda pr\u00e1cticamente indolora y resultados excelentes La ausencia de dientes puede causar una variedad de problemas como la afectaci\u00f3n est\u00e9tica y el movimiento o torcimiento no deseado de los dientes vecinos (a los lados y de encima\/abajo).\u00a0 Es importante resaltar que la calidad de los materiales utilizados en [&hellip;]<\/p>","protected":false},"author":1,"featured_media":0,"parent":0,"menu_order":0,"comment_status":"closed","ping_status":"closed","template":"","meta":{"_acf_changed":false,"footnotes":""},"class_list":["post-219","page","type-page","status-publish","hentry"],"acf":[],"_links":{"self":[{"href":"https:\/\/www.semui.es\/en\/wp-json\/wp\/v2\/pages\/219","targetHints":{"allow":["GET"]}}],"collection":[{"href":"https:\/\/www.semui.es\/en\/wp-json\/wp\/v2\/pages"}],"about":[{"href":"https:\/\/www.semui.es\/en\/wp-json\/wp\/v2\/types\/page"}],"author":[{"embeddable":true,"href":"https:\/\/www.semui.es\/en\/wp-json\/wp\/v2\/users\/1"}],"replies":[{"embeddable":true,"href":"https:\/\/www.semui.es\/en\/wp-json\/wp\/v2\/comments?post=219"}],"version-history":[{"count":13,"href":"https:\/\/www.semui.es\/en\/wp-json\/wp\/v2\/pages\/219\/revisions"}],"predecessor-version":[{"id":686,"href":"https:\/\/www.semui.es\/en\/wp-json\/wp\/v2\/pages\/219\/revisions\/686"}],"wp:attachment":[{"href":"https:\/\/www.semui.es\/en\/wp-json\/wp\/v2\/media?parent=219"}],"curies":[{"name":"wp","href":"https:\/\/api.w.org\/{rel}","templated":true}]}}