{"id":296,"date":"2025-04-01T19:17:38","date_gmt":"2025-04-01T19:17:38","guid":{"rendered":"https:\/\/www.semui.es\/?page_id=296"},"modified":"2025-05-22T19:27:49","modified_gmt":"2025-05-22T19:27:49","slug":"periodoncia","status":"publish","type":"page","link":"https:\/\/www.semui.es\/en\/periodoncia\/","title":{"rendered":"Periodontics"},"content":{"rendered":"<div data-elementor-type=\"wp-page\" data-elementor-id=\"296\" class=\"elementor elementor-296\" data-elementor-post-type=\"page\">\n\t\t\t\t<div class=\"elementor-element elementor-element-93cdaa0 e-flex e-con-boxed e-con e-parent\" data-id=\"93cdaa0\" data-element_type=\"container\" data-settings=\"{&quot;background_background&quot;:&quot;classic&quot;}\">\n\t\t\t\t\t<div class=\"e-con-inner\">\n\t\t<div class=\"elementor-element elementor-element-381a2f0 e-con-full e-flex elementor-invisible e-con e-child\" data-id=\"381a2f0\" data-element_type=\"container\" data-settings=\"{&quot;animation&quot;:&quot;fadeIn&quot;}\">\n\t\t\t\t<div class=\"elementor-element elementor-element-9393187 elementor-widget elementor-widget-heading\" data-id=\"9393187\" data-element_type=\"widget\" data-widget_type=\"heading.default\">\n\t\t\t\t<div class=\"elementor-widget-container\">\n\t\t\t\t\t<h1 class=\"elementor-heading-title elementor-size-default\">Periodontics<\/h1>\t\t\t\t<\/div>\n\t\t\t\t<\/div>\n\t\t\t\t<div class=\"elementor-element elementor-element-6625c79 elementor-widget elementor-widget-text-editor\" data-id=\"6625c79\" data-element_type=\"widget\" data-widget_type=\"text-editor.default\">\n\t\t\t\t<div class=\"elementor-widget-container\">\n\t\t\t\t\t\t\t\t\t<p>Study, prevention and treatment of pathologies that affect the tissues that protect, surround and support the teeth.<\/p>\t\t\t\t\t\t\t\t<\/div>\n\t\t\t\t<\/div>\n\t\t\t\t<\/div>\n\t\t\t\t\t<\/div>\n\t\t\t\t<\/div>\n\t\t<div class=\"elementor-element elementor-element-3e0ea6b e-flex e-con-boxed e-con e-parent\" data-id=\"3e0ea6b\" data-element_type=\"container\" data-settings=\"{&quot;background_background&quot;:&quot;classic&quot;}\">\n\t\t\t\t\t<div class=\"e-con-inner\">\n\t\t\t\t<div class=\"elementor-element elementor-element-8bd66fa elementor-widget__width-initial elementor-widget-tablet__width-inherit elementor-widget elementor-widget-text-editor\" data-id=\"8bd66fa\" data-element_type=\"widget\" data-widget_type=\"text-editor.default\">\n\t\t\t\t<div class=\"elementor-widget-container\">\n\t\t\t\t\t\t\t\t\t<p>It is responsible for the study, prevention, and treatment of pathologies that affect the tissues that protect, surround, and support the teeth: gums, alveolar bone, periodontal ligament, and root cementum.<br \/><br \/>Periodontal disease is caused, among other factors, by the accumulation of bacteria.If left untreated, it can gradually progress, potentially leading to premature tooth loss.<\/p>\t\t\t\t\t\t\t\t<\/div>\n\t\t\t\t<\/div>\n\t\t\t\t<div class=\"elementor-element elementor-element-27aa723 elementor-widget elementor-widget-heading\" data-id=\"27aa723\" data-element_type=\"widget\" data-widget_type=\"heading.default\">\n\t\t\t\t<div class=\"elementor-widget-container\">\n\t\t\t\t\t<h2 class=\"elementor-heading-title elementor-size-default\">Types of periodontal problems<\/h2>\t\t\t\t<\/div>\n\t\t\t\t<\/div>\n\t\t<div class=\"elementor-element elementor-element-0d261b7 e-grid e-con-full e-con e-child\" data-id=\"0d261b7\" data-element_type=\"container\">\n\t\t<div class=\"elementor-element elementor-element-e1f6fac e-con-full e-flex e-con e-child\" data-id=\"e1f6fac\" data-element_type=\"container\" data-settings=\"{&quot;background_background&quot;:&quot;classic&quot;}\">\n\t\t\t\t<div class=\"elementor-element elementor-element-afe9b68 elementor-widget elementor-widget-image\" data-id=\"afe9b68\" data-element_type=\"widget\" data-widget_type=\"image.default\">\n\t\t\t\t<div class=\"elementor-widget-container\">\n\t\t\t\t\t\t\t\t\t\t\t\t\t\t\t<img fetchpriority=\"high\" decoding=\"async\" width=\"260\" height=\"260\" src=\"https:\/\/www.semui.es\/wp-content\/uploads\/2025\/03\/extracciones.png\" class=\"attachment-full size-full wp-image-282\" alt=\"\" srcset=\"https:\/\/www.semui.es\/wp-content\/uploads\/2025\/03\/extracciones.png 260w, https:\/\/www.semui.es\/wp-content\/uploads\/2025\/03\/extracciones-150x150.png 150w\" sizes=\"(max-width: 260px) 100vw, 260px\" \/>\t\t\t\t\t\t\t\t\t\t\t\t\t\t\t<\/div>\n\t\t\t\t<\/div>\n\t\t\t\t<div class=\"elementor-element elementor-element-10ebaab elementor-widget elementor-widget-heading\" data-id=\"10ebaab\" data-element_type=\"widget\" data-widget_type=\"heading.default\">\n\t\t\t\t<div class=\"elementor-widget-container\">\n\t\t\t\t\t<h3 class=\"elementor-heading-title elementor-size-default\">Gingivitis<\/h3>\t\t\t\t<\/div>\n\t\t\t\t<\/div>\n\t\t\t\t<div class=\"elementor-element elementor-element-47b4b9f elementor-widget elementor-widget-text-editor\" data-id=\"47b4b9f\" data-element_type=\"widget\" data-widget_type=\"text-editor.default\">\n\t\t\t\t<div class=\"elementor-widget-container\">\n\t\t\t\t\t\t\t\t\t<p>It is caused by the accumulation of bacterial plaque and is the initial stage of periodontal disease. If not removed properly, it turns into tartar, which irritates and inflames the gums.<br \/><br \/>The most common symptoms are redness of the area and bleeding gums. Gingivitis is a reversible condition, but if not treated properly, it can progress and develop into periodontitis.<\/p>\t\t\t\t\t\t\t\t<\/div>\n\t\t\t\t<\/div>\n\t\t\t\t<\/div>\n\t\t<div class=\"elementor-element elementor-element-208d28e e-con-full e-flex e-con e-child\" data-id=\"208d28e\" data-element_type=\"container\" data-settings=\"{&quot;background_background&quot;:&quot;classic&quot;}\">\n\t\t\t\t<div class=\"elementor-element elementor-element-c2fb4f4 elementor-widget elementor-widget-image\" data-id=\"c2fb4f4\" data-element_type=\"widget\" data-widget_type=\"image.default\">\n\t\t\t\t<div class=\"elementor-widget-container\">\n\t\t\t\t\t\t\t\t\t\t\t\t\t\t\t<img decoding=\"async\" width=\"289\" height=\"293\" src=\"https:\/\/www.semui.es\/wp-content\/uploads\/2025\/04\/Periodontitis.png\" class=\"attachment-full size-full wp-image-301\" alt=\"\" \/>\t\t\t\t\t\t\t\t\t\t\t\t\t\t\t<\/div>\n\t\t\t\t<\/div>\n\t\t\t\t<div class=\"elementor-element elementor-element-5dfc297 elementor-widget elementor-widget-heading\" data-id=\"5dfc297\" data-element_type=\"widget\" data-widget_type=\"heading.default\">\n\t\t\t\t<div class=\"elementor-widget-container\">\n\t\t\t\t\t<h3 class=\"elementor-heading-title elementor-size-default\">Periodontitis<\/h3>\t\t\t\t<\/div>\n\t\t\t\t<\/div>\n\t\t\t\t<div class=\"elementor-element elementor-element-df1b968 elementor-widget elementor-widget-text-editor\" data-id=\"df1b968\" data-element_type=\"widget\" data-widget_type=\"text-editor.default\">\n\t\t\t\t<div class=\"elementor-widget-container\">\n\t\t\t\t\t\t\t\t\t<p>The leading cause of tooth loss in adults. It affects between 15% and 20% of adults between the ages of 35 and 44, according to the World Health Organization, and is a serious and irreversible periodontal disease.\u00a0<br \/><br \/>This pathology, unlike gingivitis, is characterized by the loss of the tissues that support the tooth, that is, the bone and gum.<\/p>\t\t\t\t\t\t\t\t<\/div>\n\t\t\t\t<\/div>\n\t\t\t\t<\/div>\n\t\t\t\t<\/div>\n\t\t\t\t\t<\/div>\n\t\t\t\t<\/div>\n\t\t<div class=\"elementor-element elementor-element-6df83f1 e-flex e-con-boxed e-con e-parent\" data-id=\"6df83f1\" data-element_type=\"container\" data-settings=\"{&quot;background_background&quot;:&quot;classic&quot;}\">\n\t\t\t\t\t<div class=\"e-con-inner\">\n\t\t\t\t<div class=\"elementor-element elementor-element-7639567 elementor-widget elementor-widget-heading\" data-id=\"7639567\" data-element_type=\"widget\" data-widget_type=\"heading.default\">\n\t\t\t\t<div class=\"elementor-widget-container\">\n\t\t\t\t\t<h2 class=\"elementor-heading-title elementor-size-default\">Frequently Asked Questions <\/h2>\t\t\t\t<\/div>\n\t\t\t\t<\/div>\n\t\t<div class=\"elementor-element elementor-element-3759145 e-con-full e-flex e-con e-child\" data-id=\"3759145\" data-element_type=\"container\">\n\t\t\t\t<div class=\"elementor-element elementor-element-b97e4bf elementor-widget elementor-widget-n-accordion\" data-id=\"b97e4bf\" data-element_type=\"widget\" data-settings=\"{&quot;default_state&quot;:&quot;expanded&quot;,&quot;max_items_expended&quot;:&quot;one&quot;,&quot;n_accordion_animation_duration&quot;:{&quot;unit&quot;:&quot;ms&quot;,&quot;size&quot;:400,&quot;sizes&quot;:[]}}\" data-widget_type=\"nested-accordion.default\">\n\t\t\t\t<div class=\"elementor-widget-container\">\n\t\t\t\t\t\t\t<div class=\"e-n-accordion\" aria-label=\"Accordion. Open links with Enter or Space, close with Escape, and navigate with Arrow Keys\">\n\t\t\t\t\t\t<details id=\"e-n-accordion-item-1940\" class=\"e-n-accordion-item\" open>\n\t\t\t\t<summary class=\"e-n-accordion-item-title\" data-accordion-index=\"1\" tabindex=\"0\" aria-expanded=\"true\" aria-controls=\"e-n-accordion-item-1940\" >\n\t\t\t\t\t<span class='e-n-accordion-item-title-header'><div class=\"e-n-accordion-item-title-text\"> What are the risk factors for periodontal disease? <\/div><\/span>\n\t\t\t\t\t\t\t<span class='e-n-accordion-item-title-icon'>\n\t\t\t<span class='e-opened' ><svg aria-hidden=\"true\" class=\"e-font-icon-svg e-fas-chevron-up\" viewbox=\"0 0 448 512\" xmlns=\"http:\/\/www.w3.org\/2000\/svg\"><path d=\"M240.971 130.524l194.343 194.343c9.373 9.373 9.373 24.569 0 33.941l-22.667 22.667c-9.357 9.357-24.522 9.375-33.901.04L224 227.495 69.255 381.516c-9.379 9.335-24.544 9.317-33.901-.04l-22.667-22.667c-9.373-9.373-9.373-24.569 0-33.941L207.03 130.525c9.372-9.373 24.568-9.373 33.941-.001z\"><\/path><\/svg><\/span>\n\t\t\t<span class='e-closed'><svg aria-hidden=\"true\" class=\"e-font-icon-svg e-fas-chevron-down\" viewbox=\"0 0 448 512\" xmlns=\"http:\/\/www.w3.org\/2000\/svg\"><path d=\"M207.029 381.476L12.686 187.132c-9.373-9.373-9.373-24.569 0-33.941l22.667-22.667c9.357-9.357 24.522-9.375 33.901-.04L224 284.505l154.745-154.021c9.379-9.335 24.544-9.317 33.901.04l22.667 22.667c9.373 9.373 9.373 24.569 0 33.941L240.971 381.476c-9.373 9.372-24.569 9.372-33.942 0z\"><\/path><\/svg><\/span>\n\t\t<\/span>\n\n\t\t\t\t\t\t<\/summary>\n\t\t\t\t<div role=\"region\" aria-labelledby=\"e-n-accordion-item-1940\" class=\"elementor-element elementor-element-36322d7 e-con-full e-flex e-con e-child\" data-id=\"36322d7\" data-element_type=\"container\">\n\t\t\t\t<div class=\"elementor-element elementor-element-ffbb72e elementor-widget elementor-widget-text-editor\" data-id=\"ffbb72e\" data-element_type=\"widget\" data-widget_type=\"text-editor.default\">\n\t\t\t\t<div class=\"elementor-widget-container\">\n\t\t\t\t\t\t\t\t\t<ul><li class=\"comment_message--commentUnorderedListItem--16BZF\"><span class=\"\">Due to the consumption of unhealthy foods, lack of exercise, alcohol consumption, and other substance use, lifestyle choices can become a risk factor for periodontal health.<\/span><\/li><li class=\"comment_message--commentUnorderedListItem--16BZF\"><span class=\"\">Tobacco is the main risk factor affecting the prevalence and progression of periodontitis and interfering with tissue healing.<\/span><\/li><li class=\"comment_message--commentUnorderedListItem--16BZF\"><span class=\"\">Genetic predisposition.<\/span><\/li><li class=\"comment_message--commentUnorderedListItem--16BZF\"><span class=\"\">Poor oral hygiene is another of the most widespread risk factors.<\/span><\/li><\/ul>\t\t\t\t\t\t\t\t<\/div>\n\t\t\t\t<\/div>\n\t\t\t\t<\/div>\n\t\t\t\t\t<\/details>\n\t\t\t\t\t<\/div>\n\t\t\t\t\t\t<\/div>\n\t\t\t\t<\/div>\n\t\t\t\t<div class=\"elementor-element elementor-element-251e28e elementor-widget elementor-widget-n-accordion\" data-id=\"251e28e\" data-element_type=\"widget\" data-settings=\"{&quot;default_state&quot;:&quot;expanded&quot;,&quot;max_items_expended&quot;:&quot;one&quot;,&quot;n_accordion_animation_duration&quot;:{&quot;unit&quot;:&quot;ms&quot;,&quot;size&quot;:400,&quot;sizes&quot;:[]}}\" data-widget_type=\"nested-accordion.default\">\n\t\t\t\t<div class=\"elementor-widget-container\">\n\t\t\t\t\t\t\t<div class=\"e-n-accordion\" aria-label=\"Accordion. Open links with Enter or Space, close with Escape, and navigate with Arrow Keys\">\n\t\t\t\t\t\t<details id=\"e-n-accordion-item-3890\" class=\"e-n-accordion-item\" open>\n\t\t\t\t<summary class=\"e-n-accordion-item-title\" data-accordion-index=\"1\" tabindex=\"0\" aria-expanded=\"true\" aria-controls=\"e-n-accordion-item-3890\" >\n\t\t\t\t\t<span class='e-n-accordion-item-title-header'><div class=\"e-n-accordion-item-title-text\"> What is the treatment for periodontal disease? <\/div><\/span>\n\t\t\t\t\t\t\t<span class='e-n-accordion-item-title-icon'>\n\t\t\t<span class='e-opened' ><svg aria-hidden=\"true\" class=\"e-font-icon-svg e-fas-chevron-up\" viewbox=\"0 0 448 512\" xmlns=\"http:\/\/www.w3.org\/2000\/svg\"><path d=\"M240.971 130.524l194.343 194.343c9.373 9.373 9.373 24.569 0 33.941l-22.667 22.667c-9.357 9.357-24.522 9.375-33.901.04L224 227.495 69.255 381.516c-9.379 9.335-24.544 9.317-33.901-.04l-22.667-22.667c-9.373-9.373-9.373-24.569 0-33.941L207.03 130.525c9.372-9.373 24.568-9.373 33.941-.001z\"><\/path><\/svg><\/span>\n\t\t\t<span class='e-closed'><svg aria-hidden=\"true\" class=\"e-font-icon-svg e-fas-chevron-down\" viewbox=\"0 0 448 512\" xmlns=\"http:\/\/www.w3.org\/2000\/svg\"><path d=\"M207.029 381.476L12.686 187.132c-9.373-9.373-9.373-24.569 0-33.941l22.667-22.667c9.357-9.357 24.522-9.375 33.901-.04L224 284.505l154.745-154.021c9.379-9.335 24.544-9.317 33.901.04l22.667 22.667c9.373 9.373 9.373 24.569 0 33.941L240.971 381.476c-9.373 9.372-24.569 9.372-33.942 0z\"><\/path><\/svg><\/span>\n\t\t<\/span>\n\n\t\t\t\t\t\t<\/summary>\n\t\t\t\t<div role=\"region\" aria-labelledby=\"e-n-accordion-item-3890\" class=\"elementor-element elementor-element-8979b26 e-con-full e-flex e-con e-child\" data-id=\"8979b26\" data-element_type=\"container\">\n\t\t\t\t<div class=\"elementor-element elementor-element-dcbb24e elementor-widget elementor-widget-text-editor\" data-id=\"dcbb24e\" data-element_type=\"widget\" data-widget_type=\"text-editor.default\">\n\t\t\t\t<div class=\"elementor-widget-container\">\n\t\t\t\t\t\t\t\t\t<p>It varies depending on the progression of the disease. The dentist will perform an evaluation and prescribe the most appropriate treatment plan. If the disease is in its early stages, it is necessary to eliminate accumulated bacteria through professional prophylaxis. In the case of periodontitis, treatment is usually organized in two phases. In the basic phase, periodontal bacteria are eliminated through scaling and root planing. In more severe cases, accessing deep periodontal pockets through periodontal surgery will be considered. Sometimes, bone regeneration techniques are applied in these phases. If the gums are severely receding, periodontal surgery with grafts can be performed to cover the part lost due to gum deterioration.<\/p>\t\t\t\t\t\t\t\t<\/div>\n\t\t\t\t<\/div>\n\t\t\t\t<\/div>\n\t\t\t\t\t<\/details>\n\t\t\t\t\t<\/div>\n\t\t\t\t\t\t<\/div>\n\t\t\t\t<\/div>\n\t\t\t\t<\/div>\n\t\t\t\t\t<\/div>\n\t\t\t\t<\/div>\n\t\t<div class=\"elementor-element elementor-element-c3a5fec e-flex e-con-boxed e-con e-parent\" data-id=\"c3a5fec\" data-element_type=\"container\" data-settings=\"{&quot;background_background&quot;:&quot;classic&quot;}\">\n\t\t\t\t\t<div class=\"e-con-inner\">\n\t\t\t\t\t<\/div>\n\t\t\t\t<\/div>\n\t\t\t\t<\/div>","protected":false},"excerpt":{"rendered":"<p>Periodoncia Estudio, prevenci\u00f3n y tratamiento de patolog\u00edas que afectan a los tejidos que protegen, rodean y sujetan los dientes Se encarga del estudio, prevenci\u00f3n y tratamiento de aquellas patolog\u00edas que afectan a los tejidos que protegen, rodean y sujetan los dientes: enc\u00eda, hueso alveolar, ligamento periodontal y cemento radicular. La enfermedad periodontal se produce, entre [&hellip;]<\/p>","protected":false},"author":1,"featured_media":0,"parent":0,"menu_order":0,"comment_status":"closed","ping_status":"closed","template":"","meta":{"_acf_changed":false,"footnotes":""},"class_list":["post-296","page","type-page","status-publish","hentry"],"acf":[],"_links":{"self":[{"href":"https:\/\/www.semui.es\/en\/wp-json\/wp\/v2\/pages\/296","targetHints":{"allow":["GET"]}}],"collection":[{"href":"https:\/\/www.semui.es\/en\/wp-json\/wp\/v2\/pages"}],"about":[{"href":"https:\/\/www.semui.es\/en\/wp-json\/wp\/v2\/types\/page"}],"author":[{"embeddable":true,"href":"https:\/\/www.semui.es\/en\/wp-json\/wp\/v2\/users\/1"}],"replies":[{"embeddable":true,"href":"https:\/\/www.semui.es\/en\/wp-json\/wp\/v2\/comments?post=296"}],"version-history":[{"count":13,"href":"https:\/\/www.semui.es\/en\/wp-json\/wp\/v2\/pages\/296\/revisions"}],"predecessor-version":[{"id":709,"href":"https:\/\/www.semui.es\/en\/wp-json\/wp\/v2\/pages\/296\/revisions\/709"}],"wp:attachment":[{"href":"https:\/\/www.semui.es\/en\/wp-json\/wp\/v2\/media?parent=296"}],"curies":[{"name":"wp","href":"https:\/\/api.w.org\/{rel}","templated":true}]}}